{"id":20,"date":"2020-09-01T23:11:21","date_gmt":"2020-09-01T23:11:21","guid":{"rendered":"http:\/\/d-themes.com\/wordpress\/riode\/elements\/?page_id=20"},"modified":"2025-04-11T05:41:26","modified_gmt":"2025-04-11T05:41:26","slug":"iletisim","status":"publish","type":"page","link":"https:\/\/ertuncozcan.com\/en\/iletisim\/","title":{"rendered":"Contact"},"content":{"rendered":"<div data-elementor-type=\"wp-page\" data-elementor-id=\"20\" class=\"elementor elementor-20\">\n\t\t\t\t\t\t\r\n\t\t<section\t\t class=\"d-lazy-back elementor-section elementor-top-section elementor-element elementor-element-6eb5cd3 elementor-section-full_width elementor-section-stretched elementor-section-height-default elementor-section-height-default\" data-lazy=\"https:\/\/ertuncozcan.com\/wp-content\/uploads\/2022\/06\/contactus.jpg\" data-id=\"6eb5cd3\" data-element_type=\"section\" data-settings=\"{&quot;background_background&quot;:&quot;classic&quot;,&quot;stretch_section&quot;:&quot;section-stretched&quot;}\">\r\n\t\t\r\n\t\t\t\t\t\t\t<div class=\"elementor-background-overlay\"><\/div>\r\n\t\t\t\t\t\t\t\t\t\t\t<div class=\"elementor-container elementor-column-gap-no\" >\r\n\r\n\t\t\t\t\r\n\t\t\t\t\t\t\t\t\t\t\t\t\t\t<div\t\t class=\"elementor-column elementor-col-100 elementor-top-column elementor-element elementor-element-72f6737\" data-id=\"72f6737\" data-element_type=\"column\">\r\n\t\t\t\r\n\t\t\t\r\n\t\t\t\r\n\t\t\t<div class=\"elementor-widget-wrap elementor-element-populated\">\r\n\t\t\t\t\t\t\t\t<div class=\"elementor-element elementor-element-685dbde elementor-widget elementor-widget-heading\" data-id=\"685dbde\" data-element_type=\"widget\" data-widget_type=\"heading.default\">\n\t\t\t\t<div class=\"elementor-widget-container\">\n\t\t\t\t\t<h1 class=\"elementor-heading-title elementor-size-default\">Contact Us<\/h1>\t\t\t\t<\/div>\n\t\t\t\t<\/div>\n\t\t\r\n\t\t\r\n\t\t\t\t\t\t\t<\/div>\r\n\t\t\t\r\n\t\t<\/div>\r\n\t\t\t\t\t\t\t\t\t\t\t\t\t\t\t\t\t<\/div>\r\n\t\t\t\t\t\t<\/section>\r\n\t\t\t\t\r\n\t\t<section\t\t class=\"elementor-section elementor-top-section elementor-element elementor-element-7d90ff8 mt-10 pt-7 mb-10 pb-7 form-section elementor-section-content-middle elementor-section-boxed elementor-section-height-default elementor-section-height-default\" data-id=\"7d90ff8\" data-element_type=\"section\">\r\n\t\t\r\n\t\t\t\t\t\t\t\t\t\t<div class=\"elementor-container elementor-column-gap-default\" >\r\n\r\n\t\t\t\t\r\n\t\t\t\t\t\t\t\t\t\t\t\t\t\t<div\t\t class=\"elementor-column elementor-col-50 elementor-top-column elementor-element elementor-element-7df616f contact-list pl-2 pr-2 mb-4 mb-sm-0\" data-id=\"7df616f\" data-element_type=\"column\" data-settings=\"{&quot;background_background&quot;:&quot;classic&quot;}\">\r\n\t\t\t\r\n\t\t\t\r\n\t\t\t\r\n\t\t\t<div class=\"elementor-widget-wrap elementor-element-populated\">\r\n\t\t\t\t\t\t\t\t<div class=\"elementor-element elementor-element-95504f3 elementor-widget elementor-widget-heading\" data-id=\"95504f3\" data-element_type=\"widget\" data-widget_type=\"heading.default\">\n\t\t\t\t<div class=\"elementor-widget-container\">\n\t\t\t\t\t<h5 class=\"elementor-heading-title elementor-size-default\">Headquaters<\/h5>\t\t\t\t<\/div>\n\t\t\t\t<\/div>\n\t\t\t\t<div class=\"elementor-element elementor-element-c81cb60 mx-200 mb-6 elementor-widget elementor-widget-heading\" data-id=\"c81cb60\" data-element_type=\"widget\" data-widget_type=\"heading.default\">\n\t\t\t\t<div class=\"elementor-widget-container\">\n\t\t\t\t\t<p class=\"elementor-heading-title elementor-size-default\">Aso 2. ve 3. Organize Sanayi B\u00f6lgesi Alc\u0131 Mah. 2036. Cad. No:1\nTemelli | Ankara | TURK\u0130YE<\/p>\t\t\t\t<\/div>\n\t\t\t\t<\/div>\n\t\t\t\t<div class=\"elementor-element elementor-element-4841ba5 elementor-widget elementor-widget-heading\" data-id=\"4841ba5\" data-element_type=\"widget\" data-widget_type=\"heading.default\">\n\t\t\t\t<div class=\"elementor-widget-container\">\n\t\t\t\t\t<h5 class=\"elementor-heading-title elementor-size-default\">Phone Number<\/h5>\t\t\t\t<\/div>\n\t\t\t\t<\/div>\n\t\t\t\t<div class=\"elementor-element elementor-element-a02c959 mx-200 elementor-widget elementor-widget-heading\" data-id=\"a02c959\" data-element_type=\"widget\" data-widget_type=\"heading.default\">\n\t\t\t\t<div class=\"elementor-widget-container\">\n\t\t\t\t\t<p class=\"elementor-heading-title elementor-size-default\"><a href=\"tel:+90 312 433 42 26\">+90 312 433 42 26<\/a><br><a href=\"tel:+90 312 431 91 22\">+90 312 431 91 22<\/a><\/p>\t\t\t\t<\/div>\n\t\t\t\t<\/div>\n\t\t\t\t<div class=\"elementor-element elementor-element-6419b08 elementor-widget elementor-widget-heading\" data-id=\"6419b08\" data-element_type=\"widget\" data-widget_type=\"heading.default\">\n\t\t\t\t<div class=\"elementor-widget-container\">\n\t\t\t\t\t<h5 class=\"elementor-heading-title elementor-size-default\">Support<\/h5>\t\t\t\t<\/div>\n\t\t\t\t<\/div>\n\t\t\t\t<div class=\"elementor-element elementor-element-d9bf9c2 mx-200 mb-4 elementor-widget elementor-widget-heading\" data-id=\"d9bf9c2\" data-element_type=\"widget\" data-widget_type=\"heading.default\">\n\t\t\t\t<div class=\"elementor-widget-container\">\n\t\t\t\t\t<p class=\"elementor-heading-title elementor-size-default\"><a href=\"mailto:bilgi@ertuncozcan.com\" target=\"_blank\">bilgi@ertuncozcan.com<\/a>\n\n<a href=\"mailto:info@ertuncozcan.com\" target=\"_blank\">info@ertuncozcan.com<\/a>\n<\/p>\t\t\t\t<\/div>\n\t\t\t\t<\/div>\n\t\t\t\t<div class=\"elementor-element elementor-element-c2603da elementor-widget elementor-widget-heading\" data-id=\"c2603da\" data-element_type=\"widget\" data-widget_type=\"heading.default\">\n\t\t\t\t<div class=\"elementor-widget-container\">\n\t\t\t\t\t<h4 class=\"elementor-heading-title elementor-size-default\">Follow Us<\/h4>\t\t\t\t<\/div>\n\t\t\t\t<\/div>\n\t\t\t\t<div class=\"elementor-element elementor-element-e3528c2 elementor-widget elementor-widget-riode_widget_share\" data-id=\"e3528c2\" data-element_type=\"widget\" data-widget_type=\"riode_widget_share.default\">\n\t\t\t\t<div class=\"elementor-widget-container\">\n\t\t\t\t\t\r\n<div class=\"social-icons stacked-icons\">\r\n\t<a href=\"https:\/\/www.facebook.com\/ertuncozcangroup\/\" class=\"social-icon stacked social-facebook\" target=\"_blank\" title=\"facebook\" rel=\"noopener noreferrer\"><i class=\"fab fa-facebook-f\"><\/i><\/a><a href=\"https:\/\/twitter.com\/ertuncozcan\" class=\"social-icon stacked social-twitter\" target=\"_blank\" title=\"twitter\" rel=\"noopener noreferrer\"><i class=\"fa-brands fa-x-twitter\"><\/i><\/a><a href=\"https:\/\/www.linkedin.com\/company\/ertuncozcan\/\" class=\"social-icon stacked social-linkedin\" target=\"_blank\" title=\"linkedin\" rel=\"noopener noreferrer\"><i class=\"fab fa-linkedin-in\"><\/i><\/a><a href=\"https:\/\/www.instagram.com\/ertuncozcangroup\/\" class=\"social-icon stacked social-instagram\" target=\"_blank\" title=\"instagram\" rel=\"noopener noreferrer\"><i class=\"fab fa-instagram\"><\/i><\/a><\/div>\r\n\r\n\t\t\t\t<\/div>\n\t\t\t\t<\/div>\n\t\t\r\n\t\t\r\n\t\t\t\t\t\t\t<\/div>\r\n\t\t\t\r\n\t\t<\/div>\r\n\t\t\t\t<div\t\t class=\"elementor-column elementor-col-50 elementor-top-column elementor-element elementor-element-2af9145 pl-2\" data-id=\"2af9145\" data-element_type=\"column\" data-settings=\"{&quot;background_background&quot;:&quot;classic&quot;}\">\r\n\t\t\t\r\n\t\t\t\r\n\t\t\t\r\n\t\t\t<div class=\"elementor-widget-wrap elementor-element-populated\">\r\n\t\t\t\t\t\t\t\t<div class=\"elementor-element elementor-element-8bc1f1c elementor-widget elementor-widget-heading\" data-id=\"8bc1f1c\" data-element_type=\"widget\" data-widget_type=\"heading.default\">\n\t\t\t\t<div class=\"elementor-widget-container\">\n\t\t\t\t\t<h3 class=\"elementor-heading-title elementor-size-default\">Let's Connect<\/h3>\t\t\t\t<\/div>\n\t\t\t\t<\/div>\n\t\t\t\t<div class=\"elementor-element elementor-element-1420116 elementor-widget elementor-widget-heading\" data-id=\"1420116\" data-element_type=\"widget\" data-widget_type=\"heading.default\">\n\t\t\t\t<div class=\"elementor-widget-container\">\n\t\t\t\t\t<p class=\"elementor-heading-title elementor-size-default\">Your email address will not be published. Required fields are marked *<\/p>\t\t\t\t<\/div>\n\t\t\t\t<\/div>\n\t\t\t\t<div class=\"elementor-element elementor-element-9073786 connect-form elementor-widget elementor-widget-shortcode\" data-id=\"9073786\" data-element_type=\"widget\" data-widget_type=\"shortcode.default\">\n\t\t\t\t<div class=\"elementor-widget-container\">\n\t\t\t\t\t\t\t<div class=\"elementor-shortcode\">\n<div class=\"wpcf7 no-js\" id=\"wpcf7-f6294-o1\" lang=\"tr-TR\" dir=\"ltr\" data-wpcf7-id=\"6294\">\n<div class=\"screen-reader-response\"><p role=\"status\" aria-live=\"polite\" aria-atomic=\"true\"><\/p> <ul><\/ul><\/div>\n<form action=\"\/en\/wp-json\/wp\/v2\/pages\/20#wpcf7-f6294-o1\" method=\"post\" class=\"wpcf7-form init\" aria-label=\"\u0130leti\u015fim Formu\" novalidate=\"novalidate\" data-status=\"init\" data-trp-original-action=\"\/en\/wp-json\/wp\/v2\/pages\/20#wpcf7-f6294-o1\">\n<fieldset class=\"hidden-fields-container\"><input type=\"hidden\" name=\"_wpcf7\" value=\"6294\" \/><input type=\"hidden\" name=\"_wpcf7_version\" value=\"6.1\" \/><input type=\"hidden\" name=\"_wpcf7_locale\" value=\"tr_TR\" \/><input type=\"hidden\" name=\"_wpcf7_unit_tag\" value=\"wpcf7-f6294-o1\" \/><input type=\"hidden\" name=\"_wpcf7_container_post\" value=\"0\" \/><input type=\"hidden\" name=\"_wpcf7_posted_data_hash\" value=\"\" \/><input type=\"hidden\" name=\"_wpcf7_recaptcha_response\" value=\"\" \/>\n<\/fieldset>\n<div class=\"uacf7-form-6294\"><div class=\"row\">\n<div class=\"col-12\" style=\"margin-bottom: 12px;\"><span class=\"wpcf7-form-control-wrap textarea-136\"><textarea name=\"textarea-136\" cols=\"40\" rows=\"10\" class=\"wpcf7-form-control wpcf7-textarea wpcf7-validates-as-required\" aria-required=\"true\" aria-invalid=\"false\" placeholder=\"Comment*\" required=\"\"><\/textarea><\/span><\/div>\n<div class=\"col-md-6 mb-6\"><span class=\"wpcf7-form-control-wrap text-616\"><input type=\"text\" name=\"text-616\" value=\"\" size=\"40\" class=\"wpcf7-form-control wpcf7-text wpcf7-validates-as-required\" aria-required=\"true\" aria-invalid=\"false\" placeholder=\"Name*\" required=\"\"><\/span><\/div>\n<div class=\"col-md-6 mb-6\"><span class=\"wpcf7-form-control-wrap email-767\"><input type=\"email\" name=\"email-767\" value=\"\" size=\"40\" class=\"wpcf7-form-control wpcf7-text wpcf7-email wpcf7-validates-as-required wpcf7-validates-as-email\" aria-required=\"true\" aria-invalid=\"false\" placeholder=\"Email *\" required=\"\"><\/span><\/div><\/div><span class=\"wpcf7-form-control-wrap recaptcha\" data-name=\"recaptcha\"><span data-sitekey=\"6LehC7YgAAAAAIe4pT17YWZeb12ZmrAsWhu7RWGP\" class=\"wpcf7-form-control wpcf7-recaptcha g-recaptcha\"><\/span>\r\n<noscript>\r\n\t<div class=\"grecaptcha-noscript\">\r\n\t\t<iframe src=\"https:\/\/www.google.com\/recaptcha\/api\/fallback?k=6LehC7YgAAAAAIe4pT17YWZeb12ZmrAsWhu7RWGP\" frameborder=\"0\" scrolling=\"no\" width=\"310\" height=\"430\">\r\n\t\t<\/iframe>\r\n\t\t<textarea name=\"g-recaptcha-response\" rows=\"3\" cols=\"40\" placeholder=\"reCaptcha Response Here\">\r\n\t\t<\/textarea>\r\n\t<\/div>\r\n<\/noscript>\r\n<\/span>\n<p><button type=\"submit\" value=\"POST COMMENT\" class=\"wpcf7-form-control wpcf7-submit btn btn-lg btn-dark\">POST COMMENT<\/button><span class=\"ajax-loader\"><\/span><\/p><\/div><p style=\"display: none !important;\" class=\"akismet-fields-container\" data-prefix=\"_wpcf7_ak_\"><label>&#916;<textarea name=\"_wpcf7_ak_hp_textarea\" cols=\"45\" rows=\"8\" maxlength=\"100\"><\/textarea><\/label><input type=\"hidden\" id=\"ak_js_1\" name=\"_wpcf7_ak_js\" value=\"166\"\/><script>document.getElementById( \"ak_js_1\" ).setAttribute( \"value\", ( new Date() ).getTime() );<\/script><\/p><input type='hidden' class='wpcf7-pum' value='{\"closepopup\":false,\"closedelay\":0,\"openpopup\":false,\"openpopup_id\":0}' \/><div class=\"wpcf7-response-output\" aria-hidden=\"true\"><\/div>\n<input type=\"hidden\" name=\"trp-form-language\" value=\"en\"\/><\/form>\n<\/div>\n<\/div>\n\t\t\t\t\t\t<\/div>\n\t\t\t\t<\/div>\n\t\t\r\n\t\t\r\n\t\t\t\t\t\t\t<\/div>\r\n\t\t\t\r\n\t\t<\/div>\r\n\t\t\t\t\t\t\t\t\t\t\t\t\t\t\t\t\t<\/div>\r\n\t\t\t\t\t\t<\/section>\r\n\t\t\t\t\r\n\t\t<section\t\t class=\"elementor-section elementor-top-section elementor-element elementor-element-d226035 mb-6 elementor-section-boxed elementor-section-height-default elementor-section-height-default\" data-id=\"d226035\" data-element_type=\"section\">\r\n\t\t\r\n\t\t\t\t\t\t\t\t\t\t<div class=\"elementor-container elementor-column-gap-default\" >\r\n\r\n\t\t\t\t\r\n\t\t\t\t\t\t\t\t\t\t\t\t\t\t<div\t\t class=\"elementor-column elementor-col-50 elementor-top-column elementor-element elementor-element-f346793 w-100\" data-id=\"f346793\" data-element_type=\"column\">\r\n\t\t\t\r\n\t\t\t\r\n\t\t\t\r\n\t\t\t<div class=\"elementor-widget-wrap elementor-element-populated\">\r\n\t\t\t\t\t\t\t\t<div class=\"elementor-element elementor-element-0c3f2a4 mb-2 elementor-widget elementor-widget-riode_widget_heading\" data-id=\"0c3f2a4\" data-element_type=\"widget\" data-widget_type=\"riode_widget_heading.default\">\n\t\t\t\t<div class=\"elementor-widget-container\">\n\t\t\t\t\t<div class=\"title-wrapper  title-cross title-center\"><h2 class=\"title\">Our Branches<\/h2><\/div>\t\t\t\t<\/div>\n\t\t\t\t<\/div>\n\t\t\r\n\t\t\r\n\t\t\t\t\t\t\t<\/div>\r\n\t\t\t\r\n\t\t<\/div>\r\n\t\t\t\t<div\t\t class=\"elementor-column elementor-col-50 elementor-top-column elementor-element elementor-element-3f69534 store-section w-100\" data-id=\"3f69534\" data-element_type=\"column\">\r\n\t\t\t\r\n\t\t\t\r\n\t\t\t\r\n\t\t\t<div class=\"row cols-lg-4 cols-md-3 cols-sm-2 cols-1  owl-carousel owl-theme elementor-widget-wrap elementor-element-populated\" data-plugin=\"owl\" data-owl-options=\"{&quot;margin&quot;:20,&quot;nav&quot;:false,&quot;dots&quot;:false,&quot;responsive&quot;:{&quot;992&quot;:{&quot;items&quot;:4,&quot;nav&quot;:false,&quot;dots&quot;:false},&quot;768&quot;:{&quot;items&quot;:3,&quot;nav&quot;:false,&quot;dots&quot;:false},&quot;576&quot;:{&quot;items&quot;:2},&quot;0&quot;:{&quot;items&quot;:1}}}\">\r\n\t\t\t\t\t\t\t\t<div class=\"elementor-element elementor-element-764d03e elementor-widget elementor-widget-riode_widget_imagebox\" data-id=\"764d03e\" data-element_type=\"widget\" data-widget_type=\"riode_widget_imagebox.default\">\n\t\t\t\t<div class=\"elementor-widget-container\">\n\t\t\t\t\t<div class=\"image-box inner\"><figure><img fetchpriority=\"high\" decoding=\"async\" width=\"280\" height=\"280\" src=\"https:\/\/ertuncozcan.com\/wp-content\/uploads\/2022\/08\/istanbulofis.jpg\" class=\"attachment-full size-full wp-image-7308\" alt=\"istanbul ofis\" srcset=\"https:\/\/ertuncozcan.com\/wp-content\/uploads\/2022\/08\/istanbulofis.jpg 280w, https:\/\/ertuncozcan.com\/wp-content\/uploads\/2022\/08\/istanbulofis-150x150.jpg 150w, https:\/\/ertuncozcan.com\/wp-content\/uploads\/2022\/08\/istanbulofis-12x12.jpg 12w\" sizes=\"(max-width: 280px) 100vw, 280px\" \/><div class=\"overlay-visible\"><h3 class=\"title\">\u0130stanbul Office<\/h3><\/div><div class=\"overlay overlay-transparent\"><div class=\"content\">Adres: Ertun\u00e7 \u00d6zcan Sa\u011fl\u0131k Tesisleri Oru\u00e7 Reis Mah. TekstilKent Sitesi 10-AL Blok (A9) Kap\u0131 No:24 Esenler \/ \u0130stanbul\n<a class=\"mt-5\" href=\"mail:#\">info@ertuncozcan.com<\/a>\n<a href=\"tel:+90 212 533 02 04\">Tel: +90 212 533 02 04<\/a>\n<a href=\"tel:+90 212 532 98 97\">Fax: +90 212 532 98 97<\/a>\n\n<div class=\"social-icons mt-3\">\t\t\t\t\t\t\t\t\t<a href=\"https:\/\/www.facebook.com\/ertuncozcangroup\/\" target=\"_blank\" class=\"social-icon social-facebook\"><i class=\"fab fa-facebook-f\"><\/i><\/a>\n<a href=\"https:\/\/twitter.com\/ertuncozcan\" target=\"_blank\" class=\"social-icon social-twitter\"><i class=\"fab fa-twitter\"><\/i><\/a>\n<a href=\"https:\/\/www.linkedin.com\/company\/ertuncozcan\/\" target=\"_blank\" class=\"social-icon social-linkedin\"><i class=\"fab fa-linkedin-in\"><\/i><\/a>\t\t\t\t\t\t\t<\/div><\/div><\/div><\/figure><\/div>\t\t\t\t<\/div>\n\t\t\t\t<\/div>\n\t\t\t\t<div class=\"elementor-element elementor-element-61b52e5 elementor-widget elementor-widget-riode_widget_imagebox\" data-id=\"61b52e5\" data-element_type=\"widget\" data-widget_type=\"riode_widget_imagebox.default\">\n\t\t\t\t<div class=\"elementor-widget-container\">\n\t\t\t\t\t<div class=\"image-box inner\"><figure><img decoding=\"async\" width=\"280\" height=\"280\" src=\"https:\/\/ertuncozcan.com\/wp-content\/uploads\/2022\/08\/Izmir-Ofis.jpg\" class=\"attachment-full size-full wp-image-7309\" alt=\"\u0130zmir Ofis\" srcset=\"https:\/\/ertuncozcan.com\/wp-content\/uploads\/2022\/08\/Izmir-Ofis.jpg 280w, https:\/\/ertuncozcan.com\/wp-content\/uploads\/2022\/08\/Izmir-Ofis-150x150.jpg 150w, https:\/\/ertuncozcan.com\/wp-content\/uploads\/2022\/08\/Izmir-Ofis-12x12.jpg 12w\" sizes=\"(max-width: 280px) 100vw, 280px\" \/><div class=\"overlay-visible\"><h3 class=\"title\">\u0130zmir Office<\/h3><\/div><div class=\"overlay overlay-transparent\"><div class=\"content\">Adres:46. Sk. No:23 D:1 \u00c7a\u011fla Apt. \u00dc\u00e7kuyular \/ \u0130ZM\u0130R\n<a class=\"mt-5\" href=\"mail:#\">info@ertuncozcan.com<\/a>\n<a href=\"tel:+90 232 248 35 00\">Tel: +90 232 248 35 00<\/a>\n<a href=\"tel:+90 232 248 35 01\">Fax: +90 232 248 35 01<\/a>\n\n<div class=\"social-icons mt-3\">\t\t\t\t\t\t\t\t\t<a href=\"https:\/\/www.facebook.com\/ertuncozcangroup\/\" target=\"_blank\" class=\"social-icon social-facebook\"><i class=\"fab fa-facebook-f\"><\/i><\/a>\n\t\t\t\t\t\t\t\t\t<a href=\"https:\/\/twitter.com\/ertuncozcan\" target=\"_blank\" class=\"social-icon social-twitter\"><i class=\"fab fa-twitter\"><\/i><\/a>\n\t\t\t\t\t\t\t\t\t<a href=\"https:\/\/www.linkedin.com\/company\/ertuncozcan\/\" target=\"_blank\" class=\"social-icon social-linkedin\"><i class=\"fab fa-linkedin-in\"><\/i><\/a>\t\t\t\t\t\t\t<\/div><\/div><\/div><\/figure><\/div>\t\t\t\t<\/div>\n\t\t\t\t<\/div>\n\t\t\t\t<div class=\"elementor-element elementor-element-f8429b7 elementor-widget elementor-widget-riode_widget_imagebox\" data-id=\"f8429b7\" data-element_type=\"widget\" data-widget_type=\"riode_widget_imagebox.default\">\n\t\t\t\t<div class=\"elementor-widget-container\">\n\t\t\t\t\t<div class=\"image-box inner\"><figure><img decoding=\"async\" width=\"280\" height=\"280\" src=\"https:\/\/ertuncozcan.com\/wp-content\/uploads\/2022\/08\/Gaziantep-ofis.jpg\" class=\"attachment-full size-full wp-image-7311\" alt=\"Gaziantep ofis\" srcset=\"https:\/\/ertuncozcan.com\/wp-content\/uploads\/2022\/08\/Gaziantep-ofis.jpg 280w, https:\/\/ertuncozcan.com\/wp-content\/uploads\/2022\/08\/Gaziantep-ofis-150x150.jpg 150w, https:\/\/ertuncozcan.com\/wp-content\/uploads\/2022\/08\/Gaziantep-ofis-12x12.jpg 12w\" sizes=\"(max-width: 280px) 100vw, 280px\" \/><div class=\"overlay-visible\"><h3 class=\"title\">Gaziantep Office<\/h3><\/div><div class=\"overlay overlay-transparent\"><div class=\"content\">Adres: G\u00fcneyKent Mah. 102209 Nolu Sokak No:9 Kat:1 No:2 \u015eahinbey \/ GAZ\u0130ANTEP\n<a class=\"mt-5\" href=\"mail:#\">info@ertuncozcan.com<\/a>\n<a href=\"tel:+90 342 360 79 71\">Tel: +90 342 360 79 71<\/a>\n<a href=\"tel:+90 342 360 79 72\">Fax: +90 342 360 79 72<\/a>\n<div class=\"social-icons mt-3\">\t\t\t\t\t\t\t\t\t<a href=\"https:\/\/www.facebook.com\/ertuncozcangroup\/\" target=\"_blank\" class=\"social-icon social-facebook\"><i class=\"fab fa-facebook-f\"><\/i><\/a>\n\t\t\t\t\t\t\t\t\t<a href=\"https:\/\/twitter.com\/ertuncozcan\" target=\"_blank\" class=\"social-icon social-twitter\"><i class=\"fab fa-twitter\"><\/i><\/a>\n\t\t\t\t\t\t\t\t\t<a href=\"https:\/\/www.linkedin.com\/company\/ertuncozcan\/\" target=\"_blank\" class=\"social-icon social-linkedin\"><i class=\"fab fa-linkedin-in\"><\/i><\/a>\t\t\t\t\t\t\t<\/div><\/div><\/div><\/figure><\/div>\t\t\t\t<\/div>\n\t\t\t\t<\/div>\n\t\t\r\n\t\t\r\n\t\t\t\t\t\t\t<\/div>\r\n\t\t\t\r\n\t\t<\/div>\r\n\t\t\t\t\t\t\t\t\t\t\t\t\t\t\t\t\t<\/div>\r\n\t\t\t\t\t\t<\/section>\r\n\t\t\t\t\r\n\t\t<div\t\t class=\"elementor-section elementor-top-section elementor-element elementor-element-9d49de1 elementor-section-full_width elementor-section-stretched elementor-section-height-default elementor-section-height-default\" data-id=\"9d49de1\" data-element_type=\"section\" data-settings=\"{&quot;stretch_section&quot;:&quot;section-stretched&quot;}\">\r\n\t\t\r\n\t\t\t\t\t\t\t\t\t\t<div class=\"elementor-container elementor-column-gap-no\" >\r\n\r\n\t\t\t\t\r\n\t\t\t\t\t\t\t\t\t\t\t\t\t\t<div\t\t class=\"elementor-column elementor-col-100 elementor-top-column elementor-element elementor-element-55b7953\" data-id=\"55b7953\" data-element_type=\"column\">\r\n\t\t\t\r\n\t\t\t\r\n\t\t\t\r\n\t\t\t<div class=\"elementor-widget-wrap elementor-element-populated\">\r\n\t\t\t\t\t\t\t\t<div class=\"elementor-element elementor-element-c826de0 elementor-widget elementor-widget-google_maps\" data-id=\"c826de0\" data-element_type=\"widget\" data-widget_type=\"google_maps.default\">\n\t\t\t\t<div class=\"elementor-widget-container\">\n\t\t\t\t\t\t\t<div class=\"elementor-custom-embed\">\n\t\t\t<iframe loading=\"lazy\"\n\t\t\t\t\tsrc=\"https:\/\/maps.google.com\/maps?q=Aso%202.%20ve%203.%20Organize%20Sanayi%20B%C3%B6lgesi%20Alc%C4%B1%20Mah.%202036.%20Cad.%20No%3A1%2C%20Sincan%2FAnkara&#038;t=m&#038;z=11&#038;output=embed&#038;iwloc=near\"\n\t\t\t\t\ttitle=\"Aso 2. ve 3. Organize Sanayi B\u00f6lgesi Alc\u0131 Mah. 2036. Cad. No:1, Sincan\/Ankara\"\n\t\t\t\t\taria-label=\"Aso 2. ve 3. Organize Sanayi B\u00f6lgesi Alc\u0131 Mah. 2036. Cad. No:1, Sincan\/Ankara\"\n\t\t\t><\/iframe>\n\t\t<\/div>\n\t\t\t\t\t\t<\/div>\n\t\t\t\t<\/div>\n\t\t\r\n\t\t\r\n\t\t\t\t\t\t\t<\/div>\r\n\t\t\t\r\n\t\t<\/div>\r\n\t\t\t\t\t\t\t\t\t\t\t\t\t\t\t\t\t<\/div>\r\n\t\t\t\t\t\t<\/div>\r\n\t\t\t\t<\/div>","protected":false},"excerpt":{"rendered":"<p>\u0130LET\u0130\u015e\u0130M Merkez Ofis Aso 2. ve 3. Organize Sanayi B\u00f6lgesi Alc\u0131 Mah. 2036. Cad. No:1 Temelli | Ankara | TURK\u0130YE Telefon +90 312 433 42 26+90 312 431 91 22 Destek bilgi@ertuncozcan.com info@ertuncozcan.com Bizi Takip Edin Bize Ula\u015f\u0131n E-posta adresiniz yay\u0131nlanmayacak. Zorunlu alanlar* doldurulmal\u0131d\u0131r. \u015eubelerimiz \u0130stanbul Ofis Adres: Ertun\u00e7 \u00d6zcan Sa\u011fl\u0131k Tesisleri Oru\u00e7 Reis Mah. [&hellip;]<\/p>","protected":false},"author":1,"featured_media":0,"parent":0,"menu_order":0,"comment_status":"closed","ping_status":"closed","template":"","meta":{"footnotes":""},"class_list":["post-20","page","type-page","status-publish","hentry"],"_links":{"self":[{"href":"https:\/\/ertuncozcan.com\/en\/wp-json\/wp\/v2\/pages\/20","targetHints":{"allow":["GET"]}}],"collection":[{"href":"https:\/\/ertuncozcan.com\/en\/wp-json\/wp\/v2\/pages"}],"about":[{"href":"https:\/\/ertuncozcan.com\/en\/wp-json\/wp\/v2\/types\/page"}],"author":[{"embeddable":true,"href":"https:\/\/ertuncozcan.com\/en\/wp-json\/wp\/v2\/users\/1"}],"replies":[{"embeddable":true,"href":"https:\/\/ertuncozcan.com\/en\/wp-json\/wp\/v2\/comments?post=20"}],"version-history":[{"count":211,"href":"https:\/\/ertuncozcan.com\/en\/wp-json\/wp\/v2\/pages\/20\/revisions"}],"predecessor-version":[{"id":8501,"href":"https:\/\/ertuncozcan.com\/en\/wp-json\/wp\/v2\/pages\/20\/revisions\/8501"}],"wp:attachment":[{"href":"https:\/\/ertuncozcan.com\/en\/wp-json\/wp\/v2\/media?parent=20"}],"curies":[{"name":"wp","href":"https:\/\/api.w.org\/{rel}","templated":true}]}}