{"id":6238,"date":"2022-05-13T15:34:24","date_gmt":"2022-05-13T15:34:24","guid":{"rendered":"https:\/\/ertuncozcan.com\/?page_id=6238"},"modified":"2025-01-13T12:57:54","modified_gmt":"2025-01-13T12:57:54","slug":"sertifikalarimiz","status":"publish","type":"page","link":"https:\/\/ertuncozcan.com\/en\/sertifikalarimiz\/","title":{"rendered":"Our Certificates"},"content":{"rendered":"<div data-elementor-type=\"wp-page\" data-elementor-id=\"6238\" class=\"elementor elementor-6238\">\n\t\t\t\t\t\t\r\n\t\t<section\t\t class=\"d-lazy-back elementor-section elementor-top-section elementor-element elementor-element-7e88b2e elementor-section-full_width elementor-section-height-min-height elementor-section-stretched elementor-section-height-default elementor-section-items-middle\" style=\"background-color:#f4f4f4;\" data-lazy=\"https:\/\/ertuncozcan.com\/wp-content\/uploads\/2022\/05\/about.jpg\" data-id=\"7e88b2e\" data-element_type=\"section\" data-settings=\"{&quot;stretch_section&quot;:&quot;section-stretched&quot;,&quot;background_background&quot;:&quot;classic&quot;}\">\r\n\t\t\r\n\t\t\t\t\t\t\t<div class=\"elementor-background-overlay\"><\/div>\r\n\t\t\t\t\t\t\t\t\t\t\t<div class=\"elementor-container elementor-column-gap-no\" >\r\n\r\n\t\t\t\t\r\n\t\t\t\t\t\t\t\t\t\t\t\t\t\t<div\t\t class=\"elementor-column elementor-col-100 elementor-top-column elementor-element elementor-element-7ec2a68\" data-id=\"7ec2a68\" data-element_type=\"column\">\r\n\t\t\t\r\n\t\t\t\r\n\t\t\t\r\n\t\t\t<div class=\"elementor-widget-wrap elementor-element-populated\">\r\n\t\t\t\t\t\t\t\t<div class=\"elementor-element elementor-element-6a655f9 elementor-widget elementor-widget-heading\" data-id=\"6a655f9\" data-element_type=\"widget\" data-widget_type=\"heading.default\">\n\t\t\t\t<div class=\"elementor-widget-container\">\n\t\t\t\t\t<h1 class=\"elementor-heading-title elementor-size-default\">CERTIFICATES<\/h1>\t\t\t\t<\/div>\n\t\t\t\t<\/div>\n\t\t\r\n\t\t\r\n\t\t\t\t\t\t\t<\/div>\r\n\t\t\t\r\n\t\t<\/div>\r\n\t\t\t\t\t\t\t\t\t\t\t\t\t\t\t\t\t<\/div>\r\n\t\t\t\t\t\t<\/section>\r\n\t\t\t\t\r\n\t\t<section\t\t class=\"elementor-section elementor-top-section elementor-element elementor-element-6cf5b7c elementor-section-boxed elementor-section-height-default elementor-section-height-default\" data-id=\"6cf5b7c\" data-element_type=\"section\">\r\n\t\t\r\n\t\t\t\t\t\t\t\t\t\t<div class=\"elementor-container elementor-column-gap-default\" >\r\n\r\n\t\t\t\t\r\n\t\t\t\t\t\t\t\t\t\t\t\t\t\t<div\t\t class=\"elementor-column elementor-col-100 elementor-top-column elementor-element elementor-element-ebe3292\" data-id=\"ebe3292\" data-element_type=\"column\">\r\n\t\t\t\r\n\t\t\t\r\n\t\t\t\r\n\t\t\t<div class=\"elementor-widget-wrap elementor-element-populated\">\r\n\t\t\t\t\t\t\t\t<div class=\"elementor-element elementor-element-6461f27 elementor-widget elementor-widget-spacer\" data-id=\"6461f27\" data-element_type=\"widget\" data-widget_type=\"spacer.default\">\n\t\t\t\t<div class=\"elementor-widget-container\">\n\t\t\t\t\t\t\t<div class=\"elementor-spacer\">\n\t\t\t<div class=\"elementor-spacer-inner\"><\/div>\n\t\t<\/div>\n\t\t\t\t\t\t<\/div>\n\t\t\t\t<\/div>\n\t\t\t\t<div class=\"elementor-element elementor-element-6adb02c elementor-arrows-position-inside elementor-pagination-position-outside elementor-widget elementor-widget-image-carousel\" data-id=\"6adb02c\" data-element_type=\"widget\" data-settings=\"{&quot;lazyload&quot;:&quot;yes&quot;,&quot;navigation&quot;:&quot;both&quot;,&quot;autoplay&quot;:&quot;yes&quot;,&quot;pause_on_hover&quot;:&quot;yes&quot;,&quot;pause_on_interaction&quot;:&quot;yes&quot;,&quot;autoplay_speed&quot;:5000,&quot;infinite&quot;:&quot;yes&quot;,&quot;speed&quot;:500,&quot;image_spacing_custom&quot;:{&quot;unit&quot;:&quot;px&quot;,&quot;size&quot;:20,&quot;sizes&quot;:[]},&quot;image_spacing_custom_tablet&quot;:{&quot;unit&quot;:&quot;px&quot;,&quot;size&quot;:&quot;&quot;,&quot;sizes&quot;:[]},&quot;image_spacing_custom_mobile&quot;:{&quot;unit&quot;:&quot;px&quot;,&quot;size&quot;:&quot;&quot;,&quot;sizes&quot;:[]}}\" data-widget_type=\"image-carousel.default\">\n\t\t\t\t<div class=\"elementor-widget-container\">\n\t\t\t\t\t\t\t<div class=\"elementor-image-carousel-wrapper swiper\" role=\"region\" aria-roledescription=\"carousel\" aria-label=\"Resim D\u00f6ng\u00fcs\u00fc\" dir=\"ltr\">\n\t\t\t<div class=\"elementor-image-carousel swiper-wrapper\" aria-live=\"off\">\n\t\t\t\t\t\t\t\t<div class=\"swiper-slide\" role=\"group\" aria-roledescription=\"slide\" aria-label=\"1 of 10\"><a data-elementor-open-lightbox=\"yes\" data-elementor-lightbox-slideshow=\"6adb02c\" data-elementor-lightbox-title=\"ERTUN\u00c7 \u00d6ZCAN - ISO 9001_page-0001\" data-e-action-hash=\"#elementor-action%3Aaction%3Dlightbox%26settings%3DeyJpZCI6ODM0NSwidXJsIjoiaHR0cHM6XC9cL2VydHVuY296Y2FuLmNvbVwvd3AtY29udGVudFwvdXBsb2Fkc1wvMjAyNVwvMDFcL0VSVFVOQy1PWkNBTi1JU08tOTAwMV9wYWdlLTAwMDEuanBnIiwic2xpZGVzaG93IjoiNmFkYjAyYyJ9\" href=\"https:\/\/ertuncozcan.com\/wp-content\/uploads\/2025\/01\/ERTUNC-OZCAN-ISO-9001_page-0001.jpg\"><figure class=\"swiper-slide-inner\"><img class=\"swiper-slide-image swiper-lazy\" data-src=\"https:\/\/ertuncozcan.com\/wp-content\/uploads\/2025\/01\/ERTUNC-OZCAN-ISO-9001_page-0001-768x1086.jpg\" alt=\"ERTUN\u00c7 \u00d6ZCAN - ISO 9001_page-0001\" \/><div class=\"swiper-lazy-preloader\"><\/div><\/figure><\/a><\/div><div class=\"swiper-slide\" role=\"group\" aria-roledescription=\"slide\" aria-label=\"2 of 10\"><a data-elementor-open-lightbox=\"yes\" data-elementor-lightbox-slideshow=\"6adb02c\" data-elementor-lightbox-title=\"ERTUN\u00c7 \u00d6ZCAN - ISO 9001_page-0002\" data-e-action-hash=\"#elementor-action%3Aaction%3Dlightbox%26settings%3DeyJpZCI6ODM0NiwidXJsIjoiaHR0cHM6XC9cL2VydHVuY296Y2FuLmNvbVwvd3AtY29udGVudFwvdXBsb2Fkc1wvMjAyNVwvMDFcL0VSVFVOQy1PWkNBTi1JU08tOTAwMV9wYWdlLTAwMDIuanBnIiwic2xpZGVzaG93IjoiNmFkYjAyYyJ9\" href=\"https:\/\/ertuncozcan.com\/wp-content\/uploads\/2025\/01\/ERTUNC-OZCAN-ISO-9001_page-0002.jpg\"><figure class=\"swiper-slide-inner\"><img class=\"swiper-slide-image swiper-lazy\" data-src=\"https:\/\/ertuncozcan.com\/wp-content\/uploads\/2025\/01\/ERTUNC-OZCAN-ISO-9001_page-0002-768x1086.jpg\" alt=\"ERTUN\u00c7 \u00d6ZCAN - ISO 9001_page-0002\" \/><div class=\"swiper-lazy-preloader\"><\/div><\/figure><\/a><\/div><div class=\"swiper-slide\" role=\"group\" aria-roledescription=\"slide\" aria-label=\"3 of 10\"><a data-elementor-open-lightbox=\"yes\" data-elementor-lightbox-slideshow=\"6adb02c\" data-elementor-lightbox-title=\"ISO 13485 Certificate-KIWA-2024 EN_page-0001\" data-e-action-hash=\"#elementor-action%3Aaction%3Dlightbox%26settings%3DeyJpZCI6ODM0OCwidXJsIjoiaHR0cHM6XC9cL2VydHVuY296Y2FuLmNvbVwvd3AtY29udGVudFwvdXBsb2Fkc1wvMjAyNVwvMDFcL0lTTy0xMzQ4NS1DZXJ0aWZpY2F0ZS1LSVdBLTIwMjQtRU5fcGFnZS0wMDAxLmpwZyIsInNsaWRlc2hvdyI6IjZhZGIwMmMifQ%3D%3D\" href=\"https:\/\/ertuncozcan.com\/wp-content\/uploads\/2025\/01\/ISO-13485-Certificate-KIWA-2024-EN_page-0001.jpg\"><figure class=\"swiper-slide-inner\"><img class=\"swiper-slide-image swiper-lazy\" data-src=\"https:\/\/ertuncozcan.com\/wp-content\/uploads\/2025\/01\/ISO-13485-Certificate-KIWA-2024-EN_page-0001-768x1086.jpg\" alt=\"ISO 13485 Certificate-KIWA-2024 EN_page-0001\" \/><div class=\"swiper-lazy-preloader\"><\/div><\/figure><\/a><\/div><div class=\"swiper-slide\" role=\"group\" aria-roledescription=\"slide\" aria-label=\"4 of 10\"><a data-elementor-open-lightbox=\"yes\" data-elementor-lightbox-slideshow=\"6adb02c\" data-elementor-lightbox-title=\"ISO 13485 Certificate-KIWA-2024 TR\" data-e-action-hash=\"#elementor-action%3Aaction%3Dlightbox%26settings%3DeyJpZCI6ODM1NCwidXJsIjoiaHR0cHM6XC9cL2VydHVuY296Y2FuLmNvbVwvd3AtY29udGVudFwvdXBsb2Fkc1wvMjAyNVwvMDFcL0lTTy0xMzQ4NS1DZXJ0aWZpY2F0ZS1LSVdBLTIwMjQtVFItc2NhbGVkLmpwZyIsInNsaWRlc2hvdyI6IjZhZGIwMmMifQ%3D%3D\" href=\"https:\/\/ertuncozcan.com\/wp-content\/uploads\/2025\/01\/ISO-13485-Certificate-KIWA-2024-TR-scaled.jpg\"><figure class=\"swiper-slide-inner\"><img class=\"swiper-slide-image swiper-lazy\" data-src=\"https:\/\/ertuncozcan.com\/wp-content\/uploads\/2025\/01\/ISO-13485-Certificate-KIWA-2024-TR-768x1086.jpg\" alt=\"ISO 13485 Certificate-KIWA-2024 TR\" \/><div class=\"swiper-lazy-preloader\"><\/div><\/figure><\/a><\/div><div class=\"swiper-slide\" role=\"group\" aria-roledescription=\"slide\" aria-label=\"5 of 10\"><a data-elementor-open-lightbox=\"yes\" data-elementor-lightbox-slideshow=\"6adb02c\" data-elementor-lightbox-title=\"ISO 13485\" data-e-action-hash=\"#elementor-action%3Aaction%3Dlightbox%26settings%3DeyJpZCI6ODM1NSwidXJsIjoiaHR0cHM6XC9cL2VydHVuY296Y2FuLmNvbVwvd3AtY29udGVudFwvdXBsb2Fkc1wvMjAyNVwvMDFcL0lTTy0xMzQ4NS1zY2FsZWQuanBnIiwic2xpZGVzaG93IjoiNmFkYjAyYyJ9\" href=\"https:\/\/ertuncozcan.com\/wp-content\/uploads\/2025\/01\/ISO-13485-scaled.jpg\"><figure class=\"swiper-slide-inner\"><img class=\"swiper-slide-image swiper-lazy\" data-src=\"https:\/\/ertuncozcan.com\/wp-content\/uploads\/2025\/01\/ISO-13485-768x1085.jpg\" alt=\"ISO 13485\" \/><div class=\"swiper-lazy-preloader\"><\/div><\/figure><\/a><\/div><div class=\"swiper-slide\" role=\"group\" aria-roledescription=\"slide\" aria-label=\"6 of 10\"><a data-elementor-open-lightbox=\"yes\" data-elementor-lightbox-slideshow=\"6adb02c\" data-elementor-lightbox-title=\"ISO 14001.pdf\" data-e-action-hash=\"#elementor-action%3Aaction%3Dlightbox%26settings%3DeyJpZCI6ODM1NiwidXJsIjoiaHR0cHM6XC9cL2VydHVuY296Y2FuLmNvbVwvd3AtY29udGVudFwvdXBsb2Fkc1wvMjAyNVwvMDFcL0lTTy0xNDAwMS5wZGYuanBnIiwic2xpZGVzaG93IjoiNmFkYjAyYyJ9\" href=\"https:\/\/ertuncozcan.com\/wp-content\/uploads\/2025\/01\/ISO-14001.pdf.jpg\"><figure class=\"swiper-slide-inner\"><img class=\"swiper-slide-image swiper-lazy\" data-src=\"https:\/\/ertuncozcan.com\/wp-content\/uploads\/2025\/01\/ISO-14001.pdf-768x1086.jpg\" alt=\"ISO 14001.pdf\" \/><div class=\"swiper-lazy-preloader\"><\/div><\/figure><\/a><\/div><div class=\"swiper-slide\" role=\"group\" aria-roledescription=\"slide\" aria-label=\"7 of 10\"><a data-elementor-open-lightbox=\"yes\" data-elementor-lightbox-slideshow=\"6adb02c\" data-elementor-lightbox-title=\"ISO 9001_page-0001\" data-e-action-hash=\"#elementor-action%3Aaction%3Dlightbox%26settings%3DeyJpZCI6ODM0NywidXJsIjoiaHR0cHM6XC9cL2VydHVuY296Y2FuLmNvbVwvd3AtY29udGVudFwvdXBsb2Fkc1wvMjAyNVwvMDFcL0lTTy05MDAxX3BhZ2UtMDAwMS5qcGciLCJzbGlkZXNob3ciOiI2YWRiMDJjIn0%3D\" href=\"https:\/\/ertuncozcan.com\/wp-content\/uploads\/2025\/01\/ISO-9001_page-0001.jpg\"><figure class=\"swiper-slide-inner\"><img class=\"swiper-slide-image swiper-lazy\" data-src=\"https:\/\/ertuncozcan.com\/wp-content\/uploads\/2025\/01\/ISO-9001_page-0001-768x1086.jpg\" alt=\"ISO 9001_page-0001\" \/><div class=\"swiper-lazy-preloader\"><\/div><\/figure><\/a><\/div><div class=\"swiper-slide\" role=\"group\" aria-roledescription=\"slide\" aria-label=\"8 of 10\"><a data-elementor-open-lightbox=\"yes\" data-elementor-lightbox-slideshow=\"6adb02c\" data-elementor-lightbox-title=\"ISO 45001.pdf\" data-e-action-hash=\"#elementor-action%3Aaction%3Dlightbox%26settings%3DeyJpZCI6ODM1OCwidXJsIjoiaHR0cHM6XC9cL2VydHVuY296Y2FuLmNvbVwvd3AtY29udGVudFwvdXBsb2Fkc1wvMjAyNVwvMDFcL0lTTy00NTAwMS5wZGYuanBnIiwic2xpZGVzaG93IjoiNmFkYjAyYyJ9\" href=\"https:\/\/ertuncozcan.com\/wp-content\/uploads\/2025\/01\/ISO-45001.pdf.jpg\"><figure class=\"swiper-slide-inner\"><img class=\"swiper-slide-image swiper-lazy\" data-src=\"https:\/\/ertuncozcan.com\/wp-content\/uploads\/2025\/01\/ISO-45001.pdf-768x1086.jpg\" alt=\"ISO 45001.pdf\" \/><div class=\"swiper-lazy-preloader\"><\/div><\/figure><\/a><\/div><div class=\"swiper-slide\" role=\"group\" aria-roledescription=\"slide\" aria-label=\"9 of 10\"><a data-elementor-open-lightbox=\"yes\" data-elementor-lightbox-slideshow=\"6adb02c\" data-elementor-lightbox-title=\"TSE 2025 (1)\" data-e-action-hash=\"#elementor-action%3Aaction%3Dlightbox%26settings%3DeyJpZCI6ODM1OSwidXJsIjoiaHR0cHM6XC9cL2VydHVuY296Y2FuLmNvbVwvd3AtY29udGVudFwvdXBsb2Fkc1wvMjAyNVwvMDFcL1RTRS0yMDI1LTEuanBnIiwic2xpZGVzaG93IjoiNmFkYjAyYyJ9\" href=\"https:\/\/ertuncozcan.com\/wp-content\/uploads\/2025\/01\/TSE-2025-1.jpg\"><figure class=\"swiper-slide-inner\"><img class=\"swiper-slide-image swiper-lazy\" data-src=\"https:\/\/ertuncozcan.com\/wp-content\/uploads\/2025\/01\/TSE-2025-1-768x1086.jpg\" alt=\"TSE 2025 (1)\" \/><div class=\"swiper-lazy-preloader\"><\/div><\/figure><\/a><\/div><div class=\"swiper-slide\" role=\"group\" aria-roledescription=\"slide\" aria-label=\"10 of 10\"><a data-elementor-open-lightbox=\"yes\" data-elementor-lightbox-slideshow=\"6adb02c\" data-elementor-lightbox-title=\"TSE 2025\" data-e-action-hash=\"#elementor-action%3Aaction%3Dlightbox%26settings%3DeyJpZCI6ODM1MywidXJsIjoiaHR0cHM6XC9cL2VydHVuY296Y2FuLmNvbVwvd3AtY29udGVudFwvdXBsb2Fkc1wvMjAyNVwvMDFcL1RTRS0yMDI1LmpwZyIsInNsaWRlc2hvdyI6IjZhZGIwMmMifQ%3D%3D\" href=\"https:\/\/ertuncozcan.com\/wp-content\/uploads\/2025\/01\/TSE-2025.jpg\"><figure class=\"swiper-slide-inner\"><img class=\"swiper-slide-image swiper-lazy\" data-src=\"https:\/\/ertuncozcan.com\/wp-content\/uploads\/2025\/01\/TSE-2025-768x1086.jpg\" alt=\"TSE 2025\" \/><div class=\"swiper-lazy-preloader\"><\/div><\/figure><\/a><\/div>\t\t\t<\/div>\n\t\t\t\t\t\t\t\t\t\t\t\t<div class=\"elementor-swiper-button elementor-swiper-button-prev\" role=\"button\" tabindex=\"0\">\n\t\t\t\t\t\t<i aria-hidden=\"true\" class=\"eicon-chevron-left\"><\/i>\t\t\t\t\t<\/div>\n\t\t\t\t\t<div class=\"elementor-swiper-button elementor-swiper-button-next\" role=\"button\" tabindex=\"0\">\n\t\t\t\t\t\t<i aria-hidden=\"true\" class=\"eicon-chevron-right\"><\/i>\t\t\t\t\t<\/div>\n\t\t\t\t\n\t\t\t\t\t\t\t\t\t<div class=\"swiper-pagination\"><\/div>\n\t\t\t\t\t\t\t\t\t<\/div>\n\t\t\t\t\t\t<\/div>\n\t\t\t\t<\/div>\n\t\t\r\n\t\t\r\n\t\t\t\t\t\t\t<\/div>\r\n\t\t\t\r\n\t\t<\/div>\r\n\t\t\t\t\t\t\t\t\t\t\t\t\t\t\t\t\t<\/div>\r\n\t\t\t\t\t\t<\/section>\r\n\t\t\t\t<\/div>","protected":false},"excerpt":{"rendered":"<p>CERTIFICATES<\/p>","protected":false},"author":1,"featured_media":0,"parent":0,"menu_order":0,"comment_status":"closed","ping_status":"closed","template":"","meta":{"footnotes":""},"class_list":["post-6238","page","type-page","status-publish","hentry"],"_links":{"self":[{"href":"https:\/\/ertuncozcan.com\/en\/wp-json\/wp\/v2\/pages\/6238","targetHints":{"allow":["GET"]}}],"collection":[{"href":"https:\/\/ertuncozcan.com\/en\/wp-json\/wp\/v2\/pages"}],"about":[{"href":"https:\/\/ertuncozcan.com\/en\/wp-json\/wp\/v2\/types\/page"}],"author":[{"embeddable":true,"href":"https:\/\/ertuncozcan.com\/en\/wp-json\/wp\/v2\/users\/1"}],"replies":[{"embeddable":true,"href":"https:\/\/ertuncozcan.com\/en\/wp-json\/wp\/v2\/comments?post=6238"}],"version-history":[{"count":55,"href":"https:\/\/ertuncozcan.com\/en\/wp-json\/wp\/v2\/pages\/6238\/revisions"}],"predecessor-version":[{"id":8362,"href":"https:\/\/ertuncozcan.com\/en\/wp-json\/wp\/v2\/pages\/6238\/revisions\/8362"}],"wp:attachment":[{"href":"https:\/\/ertuncozcan.com\/en\/wp-json\/wp\/v2\/media?parent=6238"}],"curies":[{"name":"wp","href":"https:\/\/api.w.org\/{rel}","templated":true}]}}