{"id":6514,"date":"2022-05-17T13:07:10","date_gmt":"2022-05-17T13:07:10","guid":{"rendered":"https:\/\/ertuncozcan.com\/?page_id=6514"},"modified":"2022-08-09T09:48:31","modified_gmt":"2022-08-09T09:48:31","slug":"tarihcemiz","status":"publish","type":"page","link":"https:\/\/ertuncozcan.com\/en\/tarihcemiz\/","title":{"rendered":"Our History"},"content":{"rendered":"<div data-elementor-type=\"wp-page\" data-elementor-id=\"6514\" class=\"elementor elementor-6514\">\n\t\t\t\t\t\t\r\n\t\t<section\t\t class=\"elementor-section elementor-top-section elementor-element elementor-element-7e88b2e elementor-section-full_width elementor-section-height-min-height elementor-section-stretched elementor-section-height-default elementor-section-items-middle\" data-id=\"7e88b2e\" data-element_type=\"section\" data-settings=\"{&quot;stretch_section&quot;:&quot;section-stretched&quot;,&quot;background_background&quot;:&quot;classic&quot;}\">\r\n\t\t\r\n\t\t\t\t\t\t\t<div class=\"elementor-background-overlay\"><\/div>\r\n\t\t\t\t\t\t\t\t\t\t\t<div class=\"elementor-container elementor-column-gap-no\" >\r\n\r\n\t\t\t\t\r\n\t\t\t\t\t\t\t\t\t\t\t\t\t\t<div\t\t class=\"elementor-column elementor-col-100 elementor-top-column elementor-element elementor-element-7ec2a68\" data-id=\"7ec2a68\" data-element_type=\"column\">\r\n\t\t\t\r\n\t\t\t\r\n\t\t\t\r\n\t\t\t<div class=\"elementor-widget-wrap elementor-element-populated\">\r\n\t\t\t\t\t\t\t\t<div class=\"elementor-element elementor-element-6a655f9 elementor-widget elementor-widget-heading\" data-id=\"6a655f9\" data-element_type=\"widget\" data-widget_type=\"heading.default\">\n\t\t\t\t<div class=\"elementor-widget-container\">\n\t\t\t\t\t<h1 class=\"elementor-heading-title elementor-size-default\">Our History<\/h1>\t\t\t\t<\/div>\n\t\t\t\t<\/div>\n\t\t\t\t<div class=\"elementor-element elementor-element-523486a elementor-widget elementor-widget-spacer\" data-id=\"523486a\" data-element_type=\"widget\" data-widget_type=\"spacer.default\">\n\t\t\t\t<div class=\"elementor-widget-container\">\n\t\t\t\t\t\t\t<div class=\"elementor-spacer\">\n\t\t\t<div class=\"elementor-spacer-inner\"><\/div>\n\t\t<\/div>\n\t\t\t\t\t\t<\/div>\n\t\t\t\t<\/div>\n\t\t\t\t<div class=\"elementor-element elementor-element-3f2463c elementor-widget elementor-widget-text-editor\" data-id=\"3f2463c\" data-element_type=\"widget\" data-widget_type=\"text-editor.default\">\n\t\t\t\t<div class=\"elementor-widget-container\">\n\t\t\t\t\t\t\t\t\t<p style=\"text-align: center;\">One of Turkey's medical equipment manufacturing pioneers,\n<span style=\"color: #00bfff; font-weight: bold; font-size: 15px;\">&#8220;ERTUN\u00c7 \u00d6ZCAN&#8221;<\/span>\u00a0 It was established in Ankara in 1968 with the title of imports and Mumessillik.<\/br> Intensive care units, simulation centers, emergency units, operating room-anesthesia devices,<\/br> intensive care \u2013 sterilization is a solution partner in service service and key delivery hospital projects.<\/p>\t\t\t\t\t\t\t\t<\/div>\n\t\t\t\t<\/div>\n\t\t\r\n\t\t\r\n\t\t\t\t\t\t\t<\/div>\r\n\t\t\t\r\n\t\t<\/div>\r\n\t\t\t\t\t\t\t\t\t\t\t\t\t\t\t\t\t<\/div>\r\n\t\t\t\t\t\t<\/section>\r\n\t\t\t\t\r\n\t\t<section\t\t class=\"elementor-section elementor-top-section elementor-element elementor-element-6cf5b7c elementor-section-full_width elementor-section-height-default elementor-section-height-default\" data-id=\"6cf5b7c\" data-element_type=\"section\">\r\n\t\t\r\n\t\t\t\t\t\t\t\t\t\t<div class=\"elementor-container elementor-column-gap-default\" >\r\n\r\n\t\t\t\t\r\n\t\t\t\t\t\t\t\t\t\t\t\t\t\t<div\t\t class=\"elementor-column elementor-col-100 elementor-top-column elementor-element elementor-element-ebe3292\" data-id=\"ebe3292\" data-element_type=\"column\">\r\n\t\t\t\r\n\t\t\t\r\n\t\t\t\r\n\t\t\t<div class=\"elementor-widget-wrap elementor-element-populated\">\r\n\t\t\t\t\t\t\t\t<div class=\"elementor-element elementor-element-e99d6e4 elementor-widget elementor-widget-timeline-widget-addon\" data-id=\"e99d6e4\" data-element_type=\"widget\" data-widget_type=\"timeline-widget-addon.default\">\n\t\t\t\t<div class=\"elementor-widget-container\">\n\t\t\t\t\t<!-- ========= Timeline Widget Addon For Elementor 1.6.8 ========= -->\n<div id=\"twae-wrapper-e99d6e4\" class=\"twae-vertical twae-wrapper  twae-both-sided\">   \n    <div class=\"twae-start\"><\/div>    \n    <div id=\"twea-timeline-e99d6e4\" class=\"twae-timeline\" ><!-- Start of Story Repeater Content --><div id=\"story-ed3e1a8\" class=\"twae-story twae-repeater-item twae-story-right twae-story-no-icon\"><!-- Story Label --><div class=\"twae-labels\"><div class=\"twae-label-big\">1972<\/div><\/div><!-- Story Icon --><div class=\"twae-icon\"><i aria-hidden=\"true\" class=\"fab fa-connectdevelop\"><\/i><\/div><!-- Story Arrow --><div class=\"twae-arrow\"><\/div><!-- Start of Story Content --><div class=\"twae-content\"><!-- Story Description --><div class=\"twae-description\">\u0130lk Buhar Otoklav cihaz\u0131 \u00fcretildi.\n<p style=\"color: #888888\">\"The first steam autoclaving device was producted.\"<\/p><\/div><\/div><\/div><!-- Start of Story Repeater Content --><div id=\"story-dc060bb\" class=\"twae-story twae-repeater-item twae-story-left twae-story-no-icon\"><!-- Story Label --><div class=\"twae-labels\"><div class=\"twae-label-big\">1980<\/div><\/div><!-- Story Icon --><div class=\"twae-icon\"><i aria-hidden=\"true\" class=\"fas fa-exchange-alt\"><\/i><\/div><!-- Story Arrow --><div class=\"twae-arrow\"><\/div><!-- Start of Story Content --><div class=\"twae-content\"><!-- Story Description --><div class=\"twae-description\">Yurt d\u0131\u015f\u0131na ilk ihracat yap\u0131ld\u0131.\n\n<p style=\"color: #888888\">\"The first export.\"<\/p><\/div><\/div><\/div><!-- Start of Story Repeater Content --><div id=\"story-68bfceb\" class=\"twae-story twae-repeater-item twae-story-right twae-story-no-icon\"><!-- Story Label --><div class=\"twae-labels\"><div class=\"twae-label-big\">1990<\/div><\/div><!-- Story Icon --><div class=\"twae-icon\"><i aria-hidden=\"true\" class=\"fas fa-box-open\"><\/i><\/div><!-- Story Arrow --><div class=\"twae-arrow\"><\/div><!-- Start of Story Content --><div class=\"twae-content\"><!-- Story Description --><div class=\"twae-description\">Yeni \u00dcretim Tesisleri Kuruldu.\n\n<p style=\"color: #888888\">\"New\u00a0 production facilities were established.\"<\/p><\/div><\/div><\/div><!-- Start of Story Repeater Content --><div id=\"story-a46a3f8\" class=\"twae-story twae-repeater-item twae-story-left twae-story-no-icon\"><!-- Story Label --><div class=\"twae-labels\"><div class=\"twae-label-big\">1998<\/div><\/div><!-- Story Icon --><div class=\"twae-icon\"><i aria-hidden=\"true\" class=\"d-icon-medical-bag\"><\/i><\/div><!-- Story Arrow --><div class=\"twae-arrow\"><\/div><!-- Start of Story Content --><div class=\"twae-content\"><!-- Story Description --><div class=\"twae-description\">\u0130lk Anestezi cihaz\u0131 \u00dcretildi.\n\n<p style=\"color: #888888\">\"The first anesthesia apparatus was produced.\"<\/p><\/div><\/div><\/div><!-- Start of Story Repeater Content --><div id=\"story-7068990\" class=\"twae-story twae-repeater-item twae-story-right twae-story-no-icon\"><!-- Story Label --><div class=\"twae-labels\"><div class=\"twae-label-big\">2002<\/div><\/div><!-- Story Icon --><div class=\"twae-icon\"><i aria-hidden=\"true\" class=\"fas fa-hand-holding-medical\"><\/i><\/div><!-- Story Arrow --><div class=\"twae-arrow\"><\/div><!-- Start of Story Content --><div class=\"twae-content\"><!-- Story Description --><div class=\"twae-description\">\u0130lk MR uyumlu anestezi cihaz\u0131 \u00fcretimi yap\u0131ld\u0131.\n\n<p style=\"color: #888888\">\"The first Mr compatible anesthesia machine was produced.\"<\/p><\/div><\/div><\/div><!-- Start of Story Repeater Content --><div id=\"story-50a4d19\" class=\"twae-story twae-repeater-item twae-story-left twae-story-no-icon\"><!-- Story Label --><div class=\"twae-labels\"><div class=\"twae-label-big\">2004<\/div><\/div><!-- Story Icon --><div class=\"twae-icon\"><i aria-hidden=\"true\" class=\"fas fa-baby\"><\/i><\/div><!-- Story Arrow --><div class=\"twae-arrow\"><\/div><!-- Start of Story Content --><div class=\"twae-content\"><!-- Story Description --><div class=\"twae-description\">Bebek k\u00fcv\u00f6z\u00fc ve Foto Terapi cihaz\u0131 \u00fcretildi.\n\n<p style=\"color: #888888\">\"Infant Incubator and Phototheraphy device was produced.\"<\/p><\/div><\/div><\/div><!-- Start of Story Repeater Content --><div id=\"story-9c30d68\" class=\"twae-story twae-repeater-item twae-story-right twae-story-no-icon\"><!-- Story Label --><div class=\"twae-labels\"><div class=\"twae-label-big\">2007<\/div><\/div><!-- Story Icon --><div class=\"twae-icon\"><i aria-hidden=\"true\" class=\"far fa-handshake\"><\/i><\/div><!-- Story Arrow --><div class=\"twae-arrow\"><\/div><!-- Start of Story Content --><div class=\"twae-content\"><!-- Story Description --><div class=\"twae-description\">D\u00fcnya bankas\u0131na ait bir projede Banglade\u015f'e 322 adet Anestezi cihaz\u0131 teslim edildi.\n\n<p style=\"color: #888888\">\"322 Anesthesia machine were delivered to Bangladesh in the project of World Bank.\"<\/p><\/div><\/div><\/div><!-- Start of Story Repeater Content --><div id=\"story-34b0811\" class=\"twae-story twae-repeater-item twae-story-left twae-story-no-icon\"><!-- Story Label --><div class=\"twae-labels\"><div class=\"twae-label-big\">2009<\/div><\/div><!-- Story Icon --><div class=\"twae-icon\"><i aria-hidden=\"true\" class=\"fas fa-key\"><\/i><\/div><!-- Story Arrow --><div class=\"twae-arrow\"><\/div><!-- Start of Story Content --><div class=\"twae-content\"><!-- Story Description --><div class=\"twae-description\">Etiyopya Black Lion Hastanesi'ne anahtar teslim medikal ekipman sa\u011fland\u0131.\n\n<p style=\"color: #888888\">\"Turkey Medical Equipment was supplied to Ethiopia Black Lion Hospital.\"<\/p><\/div><\/div><\/div><!-- Start of Story Repeater Content --><div id=\"story-576fc73\" class=\"twae-story twae-repeater-item twae-story-right twae-story-no-icon\"><!-- Story Label --><div class=\"twae-labels\"><div class=\"twae-label-big\">2010<\/div><\/div><!-- Story Icon --><div class=\"twae-icon\"><i aria-hidden=\"true\" class=\"far fa-building\"><\/i><\/div><!-- Story Arrow --><div class=\"twae-arrow\"><\/div><!-- Start of Story Content --><div class=\"twae-content\"><!-- Story Description --><div class=\"twae-description\">Pakistan(Karachi, Belucistan, Quetta,Islamabad) \u015fehirlerinde 9 ayr\u0131 hastaneye medikal ekipman sa\u011fland\u0131.\n\n<p style=\"color: #888888\">\"Medical Equipment were provided to 9 different hospital in the city of Pakistan,(Karachi, Babchistan, Quetta, Islamabad)\"<\/p><\/div><\/div><\/div><!-- Start of Story Repeater Content --><div id=\"story-a99f6b8\" class=\"twae-story twae-repeater-item twae-story-left twae-story-no-icon\"><!-- Story Label --><div class=\"twae-labels\"><div class=\"twae-label-big\">2011<\/div><\/div><!-- Story Icon --><div class=\"twae-icon\"><i aria-hidden=\"true\" class=\"fas fa-archway\"><\/i><\/div><!-- Story Arrow --><div class=\"twae-arrow\"><\/div><!-- Start of Story Content --><div class=\"twae-content\"><!-- Story Description --><div class=\"twae-description\">Somali\u2019ye verilmek \u00fczere 9 adet \u00c7ad\u0131r Hastane projesi tamamlan\u0131p teslim edildi. Sudan\u2019da anahtar teslim hastane kurulumu projesi i\u00e7in temel at\u0131ld\u0131.\n\n<p style=\"color: #888888\">\"9 Tent hospital projects was delivered to complete in Somalia. There was for\u00a0 installation project of the first turnkey hospital project in Sudan.\"<\/p><\/div><\/div><\/div><!-- Start of Story Repeater Content --><div id=\"story-4035d58\" class=\"twae-story twae-repeater-item twae-story-right twae-story-no-icon\"><!-- Story Label --><div class=\"twae-labels\"><div class=\"twae-label-big\">2012<\/div><\/div><!-- Story Icon --><div class=\"twae-icon\"><i aria-hidden=\"true\" class=\"fas fa-landmark\"><\/i><\/div><!-- Story Arrow --><div class=\"twae-arrow\"><\/div><!-- Start of Story Content --><div class=\"twae-content\"><!-- Story Description --><div class=\"twae-description\">Sudan daanahtar teslim hastane projesi tamamlan\u0131p teslim edildi.\n\n<p style=\"color: #888888\">\"Turkey hospital project was delivered in Sudan.\"<\/p><\/div><\/div><\/div><!-- Start of Story Repeater Content --><div id=\"story-1565f77\" class=\"twae-story twae-repeater-item twae-story-left twae-story-no-icon\"><!-- Story Label --><div class=\"twae-labels\"><div class=\"twae-label-big\">2012<\/div><\/div><!-- Story Icon --><div class=\"twae-icon\"><i aria-hidden=\"true\" class=\"fas fa-award\"><\/i><\/div><!-- Story Arrow --><div class=\"twae-arrow\"><\/div><!-- Start of Story Content --><div class=\"twae-content\"><!-- Story Description --><div class=\"twae-description\">Design Turkey 2012 \u00d6d\u00fcl T\u00f6reninde Baby Rest M100 Model Radyan \u0131s\u0131t\u0131c\u0131l\u0131 A\u00e7\u0131k Yata\u011f\u0131m\u0131z ve Vela model stand\u0131m\u0131z \u0130yi Tasar\u0131m \u00d6d\u00fcl\u00fc ald\u0131.\n\n<p style=\"color: #888888\">\"Baby Rest M100 model our infant warmers and Vela model our stand were rewarded for good design in Design Turkey 2012 Award ceremony.\"<\/p><\/div><\/div><\/div><!-- Start of Story Repeater Content --><div id=\"story-f66ceb4\" class=\"twae-story twae-repeater-item twae-story-right twae-story-no-icon\"><!-- Story Label --><div class=\"twae-labels\"><div class=\"twae-label-big\">2012<\/div><\/div><!-- Story Icon --><div class=\"twae-icon\"><i aria-hidden=\"true\" class=\"fas fa-industry\"><\/i><\/div><!-- Story Arrow --><div class=\"twae-arrow\"><\/div><!-- Start of Story Content --><div class=\"twae-content\"><!-- Story Description --><div class=\"twae-description\"><p>Ankara Sanayi Odas\u0131 49. Y\u0131l \u00d6d\u00fcl T\u00f6reninde \"Gelir Vergisi Rekortmeni\" \u00f6d\u00fcl\u00fc al\u0131nd\u0131.<\/p><p style=\"color: #888888\">\"It was rewarded for the holders at income tax in Ankara Chamber of \u0131ndustry 49th years award ceremony.\"<\/p><\/div><\/div><\/div><!-- Start of Story Repeater Content --><div id=\"story-9805d87\" class=\"twae-story twae-repeater-item twae-story-left twae-story-no-icon\"><!-- Story Label --><div class=\"twae-labels\"><div class=\"twae-label-big\">2013<\/div><\/div><!-- Story Icon --><div class=\"twae-icon\"><i aria-hidden=\"true\" class=\"fas fa-handshake\"><\/i><\/div><!-- Story Arrow --><div class=\"twae-arrow\"><\/div><!-- Start of Story Content --><div class=\"twae-content\"><!-- Story Description --><div class=\"twae-description\"><p>Ertun\u00e7 \u00d6zcan-Servizi Ospedalieri ortakl\u0131\u011f\u0131 ba\u015flad\u0131.<\/p><p style=\"color: #888888\">\"There was established a partnership of Ertun\u00e7 \u00d6zcan Servizi Ospedalier.\"<\/p><\/div><\/div><\/div><!-- Start of Story Repeater Content --><div id=\"story-911f1ec\" class=\"twae-story twae-repeater-item twae-story-right twae-story-no-icon\"><!-- Story Label --><div class=\"twae-labels\"><div class=\"twae-label-big\">2014<\/div><\/div><!-- Story Icon --><div class=\"twae-icon\"><i aria-hidden=\"true\" class=\"fas fa-igloo\"><\/i><\/div><!-- Story Arrow --><div class=\"twae-arrow\"><\/div><!-- Start of Story Content --><div class=\"twae-content\"><!-- Story Description --><div class=\"twae-description\"><p>Somali 200 Yatakl\u0131 Mogadishu E\u011fitim ve Ara\u015ft\u0131rma Hastanesi teslim edildi.<\/p><p style=\"color: #888888\">\"200 Bad Mogadishu Training and Research Hospital was\u00a0 delivered in Somalia.\"<\/p><\/div><\/div><\/div><\/div>\n    <div class=\"twae-end\"><\/div>\n    <\/div><style type=\"text\/css\">.elementor-6514 .elementor-element.elementor-element-e99d6e4 .twae-wrapper.twae-vertical .twae-story{margin-bottom:60px!important}.elementor-6514 .elementor-element.elementor-element-e99d6e4 .twae-wrapper{--tw-lbl-big-color:#00245A;}.elementor-6514 .elementor-element.elementor-element-e99d6e4 .twae-wrapper{--tw-lbl-small-color:#00BFFF;}.elementor-6514 .elementor-element.elementor-element-e99d6e4 .twae-wrapper{--tw-ibx-bg:#00BFFF;}.elementor-6514 .elementor-element.elementor-element-e99d6e4 .twae-wrapper{--tw-ybx-text-color:#00245A}.elementor-6514 .elementor-element.elementor-element-e99d6e4 .twae-wrapper{--tw-ybx-bg:#FFFFFF}.elementor-6514 .elementor-element.elementor-element-e99d6e4 .twae-wrapper .twae-year{background:none!important;}.elementor-6514 .elementor-element.elementor-element-e99d6e4 .twae-label-big{font-weight:700;}.elementor-6514 .elementor-element.elementor-element-e99d6e4 .twae-label-small{font-weight:600;}.elementor-6514 .elementor-element.elementor-element-e99d6e4 .twae-description{font-weight:500;}.elementor-6514 .elementor-element.elementor-element-e99d6e4.twae-year{font-weight:800;}@media (max-width: 1024px){ .twae-wrapper{--tw-ybx-size: 80px !important;}}@media (max-width: 767px){ .twae-wrapper{--tw-ybx-size: 80px !important}}<\/style>\t\t\t\t<\/div>\n\t\t\t\t<\/div>\n\t\t\r\n\t\t\r\n\t\t\t\t\t\t\t<\/div>\r\n\t\t\t\r\n\t\t<\/div>\r\n\t\t\t\t\t\t\t\t\t\t\t\t\t\t\t\t\t<\/div>\r\n\t\t\t\t\t\t<\/section>\r\n\t\t\t\t<\/div>","protected":false},"excerpt":{"rendered":"<p>Tarih\u00e7emiz T\u00fcrkiye\u2019nin t\u0131bbi cihaz \u00fcretim \u00f6nc\u00fclerinden olan, &#8220;ERTUN\u00c7 \u00d6ZCAN&#8221;\u00a0 \u0130thalat ve M\u00fcmessillik \u00fcnvan\u0131 ile 1968 y\u0131l\u0131nda Ankara\u2019da\u00a0 kurulmu\u015ftur. Yo\u011fun bak\u0131m \u00fcniteleri, sim\u00fclasyon merkezleri, acil servis \u00fcniteleri, ameliyathane- anestezi cihazlar\u0131, yo\u011fun bak\u0131m \u2013 sterilizasyon hizmet servisi ve anahtar teslim hastane projelerinde \u00e7\u00f6z\u00fcm orta\u011f\u0131 olarak faaliyet g\u00f6stermektedir. 1972 \u0130lk Buhar Otoklav cihaz\u0131 \u00fcretildi. &#8220;The first steam autoclaving [&hellip;]<\/p>","protected":false},"author":1,"featured_media":0,"parent":0,"menu_order":0,"comment_status":"closed","ping_status":"closed","template":"","meta":{"footnotes":""},"class_list":["post-6514","page","type-page","status-publish","hentry"],"_links":{"self":[{"href":"https:\/\/ertuncozcan.com\/en\/wp-json\/wp\/v2\/pages\/6514","targetHints":{"allow":["GET"]}}],"collection":[{"href":"https:\/\/ertuncozcan.com\/en\/wp-json\/wp\/v2\/pages"}],"about":[{"href":"https:\/\/ertuncozcan.com\/en\/wp-json\/wp\/v2\/types\/page"}],"author":[{"embeddable":true,"href":"https:\/\/ertuncozcan.com\/en\/wp-json\/wp\/v2\/users\/1"}],"replies":[{"embeddable":true,"href":"https:\/\/ertuncozcan.com\/en\/wp-json\/wp\/v2\/comments?post=6514"}],"version-history":[{"count":43,"href":"https:\/\/ertuncozcan.com\/en\/wp-json\/wp\/v2\/pages\/6514\/revisions"}],"predecessor-version":[{"id":7292,"href":"https:\/\/ertuncozcan.com\/en\/wp-json\/wp\/v2\/pages\/6514\/revisions\/7292"}],"wp:attachment":[{"href":"https:\/\/ertuncozcan.com\/en\/wp-json\/wp\/v2\/media?parent=6514"}],"curies":[{"name":"wp","href":"https:\/\/api.w.org\/{rel}","templated":true}]}}