{"id":7980,"date":"2023-12-13T08:49:15","date_gmt":"2023-12-13T08:49:15","guid":{"rendered":"https:\/\/ertuncozcan.com\/?page_id=7980"},"modified":"2023-12-13T10:30:15","modified_gmt":"2023-12-13T10:30:15","slug":"kalite-politikamiz","status":"publish","type":"page","link":"https:\/\/ertuncozcan.com\/en\/kalite-politikamiz\/","title":{"rendered":"Our Quality Policy"},"content":{"rendered":"<div data-elementor-type=\"wp-page\" data-elementor-id=\"7980\" class=\"elementor elementor-7980\">\n\t\t\t\t\t\t\r\n\t\t<section\t\t class=\"elementor-section elementor-top-section elementor-element elementor-element-7e88b2e elementor-section-full_width elementor-section-height-min-height elementor-section-stretched elementor-section-height-default elementor-section-items-middle\" data-id=\"7e88b2e\" data-element_type=\"section\" data-settings=\"{&quot;stretch_section&quot;:&quot;section-stretched&quot;,&quot;background_background&quot;:&quot;classic&quot;}\">\r\n\t\t\r\n\t\t\t\t\t\t\t<div class=\"elementor-background-overlay\"><\/div>\r\n\t\t\t\t\t\t\t\t\t\t\t<div class=\"elementor-container elementor-column-gap-no\" >\r\n\r\n\t\t\t\t\r\n\t\t\t\t\t\t\t\t\t\t\t\t\t\t<div\t\t class=\"elementor-column elementor-col-100 elementor-top-column elementor-element elementor-element-7ec2a68\" data-id=\"7ec2a68\" data-element_type=\"column\">\r\n\t\t\t\r\n\t\t\t\r\n\t\t\t\r\n\t\t\t<div class=\"elementor-widget-wrap elementor-element-populated\">\r\n\t\t\t\t\t\t\t\t<div class=\"elementor-element elementor-element-6a655f9 elementor-widget elementor-widget-heading\" data-id=\"6a655f9\" data-element_type=\"widget\" data-widget_type=\"heading.default\">\n\t\t\t\t<div class=\"elementor-widget-container\">\n\t\t\t\t\t<h1 class=\"elementor-heading-title elementor-size-default\">OUR QUALITY POLICY<\/h1>\t\t\t\t<\/div>\n\t\t\t\t<\/div>\n\t\t\t\t<div class=\"elementor-element elementor-element-523486a elementor-widget elementor-widget-spacer\" data-id=\"523486a\" data-element_type=\"widget\" data-widget_type=\"spacer.default\">\n\t\t\t\t<div class=\"elementor-widget-container\">\n\t\t\t\t\t\t\t<div class=\"elementor-spacer\">\n\t\t\t<div class=\"elementor-spacer-inner\"><\/div>\n\t\t<\/div>\n\t\t\t\t\t\t<\/div>\n\t\t\t\t<\/div>\n\t\t\r\n\t\t\r\n\t\t\t\t\t\t\t<\/div>\r\n\t\t\t\r\n\t\t<\/div>\r\n\t\t\t\t\t\t\t\t\t\t\t\t\t\t\t\t\t<\/div>\r\n\t\t\t\t\t\t<\/section>\r\n\t\t\t\t\r\n\t\t<section\t\t class=\"elementor-section elementor-top-section elementor-element elementor-element-6cf5b7c elementor-section-full_width elementor-section-height-default elementor-section-height-default\" data-id=\"6cf5b7c\" data-element_type=\"section\">\r\n\t\t\r\n\t\t\t\t\t\t\t<div class=\"elementor-background-overlay\"><\/div>\r\n\t\t\t\t\t\t\t\t\t\t\t<div class=\"elementor-container elementor-column-gap-default\" >\r\n\r\n\t\t\t\t\r\n\t\t\t\t\t\t\t\t\t\t\t\t\t\t<div\t\t class=\"elementor-column elementor-col-100 elementor-top-column elementor-element elementor-element-ebe3292\" data-id=\"ebe3292\" data-element_type=\"column\">\r\n\t\t\t\r\n\t\t\t\r\n\t\t\t\r\n\t\t\t<div class=\"elementor-widget-wrap elementor-element-populated\">\r\n\t\t\t\t\t\t\t\t<div class=\"elementor-element elementor-element-a67da81 elementor-widget elementor-widget-text-editor\" data-id=\"a67da81\" data-element_type=\"widget\" data-widget_type=\"text-editor.default\">\n\t\t\t\t<div class=\"elementor-widget-container\">\n\t\t\t\t\t\t\t\t\t<p><span style=\"color: #000000;\">Founded in 1968, our company has adopted the mission of being a pioneer and example in the medical device industry. Our basic principle is to act with full responsibility from pre-market to post-market processes in all products we manufacture or distribute, with the devoted participation of all our employees and the strong support of our managers. Within this framework, we aim for one hundred percent customer satisfaction by fully adhering to the principles of product and patient safety, environmental awareness and sustainability.<\/span><\/p><p><span style=\"color: #000000;\">Our quality management system, established in accordance with this objective, is implemented with reference to the international standards ISO 13485, ISO 9001, ISO 14001, ISO 45001 and the regulations 93\/42\/EEC MDD, 2017\/745 MDR and FDA.<\/span><\/p><p><span style=\"color: #000000;\">Our company has adopted the principle of bringing quality understanding and responsibility awareness to all employees through continuous training activities. These programs, including technical training, are aimed at continuous quality improvement, cost reduction, and standardization of production speed. Our goal is to become a pioneer in the domestic market by increasing our competitiveness in the market, and to become a recognized brand abroad by expanding our presence in the markets we serve.<\/span><\/p><p><span style=\"color: #000000;\">As Ertun\u00e7 \u00d6zcan, our quality policy that we have created in line with our vision to achieve the goals we have set is as follows;<\/span><\/p><ul><li><span style=\"color: #000000;\">To increase our customers' interest in using domestic products by minimizing foreign dependency in the field of medical devices,<\/span><\/li><li><span style=\"color: #000000;\">To meet customer requirements in a timely and complete manner; to periodically evaluate customer perceptions and expectations and to continuously improve service quality within the limits of our resources,<\/span><\/li><li><span style=\"color: #000000;\">To continuously improve product quality and the effectiveness of the Quality Management System in a manner that maximizes customer satisfaction and to manage resources in the most effective manner to achieve this goal,<\/span><\/li><li><span style=\"color: #000000;\">To implement a management system in full compliance with national and international laws and regulations in our field of activity,<\/span><\/li><li><span style=\"color: #000000;\">To identify and control the risks that may arise in the process of creating products and services, acting in accordance with national laws and regulations on occupational health and safety,<\/span><\/li><li><span style=\"color: #000000;\">To develop new projects to provide added value to the sector by promoting innovation.<\/span><\/li><\/ul>\t\t\t\t\t\t\t\t<\/div>\n\t\t\t\t<\/div>\n\t\t\r\n\t\t\r\n\t\t\t\t\t\t\t<\/div>\r\n\t\t\t\r\n\t\t<\/div>\r\n\t\t\t\t\t\t\t\t\t\t\t\t\t\t\t\t\t<\/div>\r\n\t\t\t\t\t\t<\/section>\r\n\t\t\t\t<\/div>","protected":false},"excerpt":{"rendered":"<p>KAL\u0130TE POL\u0130T\u0130KAMIZ 1968 y\u0131l\u0131nda kurulan firmam\u0131z, t\u0131bbi cihaz sekt\u00f6r\u00fcnde \u00f6nc\u00fc ve \u00f6rnek olma misyonunu benimsemi\u015ftir. Temel prensibimiz, t\u00fcm \u00e7al\u0131\u015fanlar\u0131m\u0131z\u0131n \u00f6zverili kat\u0131l\u0131m\u0131 ve y\u00f6neticilerimizin g\u00fc\u00e7l\u00fc deste\u011fi ile birlikte, \u00fcretim veya distrib\u00fct\u00f6rl\u00fc\u011f\u00fcn\u00fc ger\u00e7ekle\u015ftirdi\u011fimiz t\u00fcm \u00fcr\u00fcnlerde pazar \u00f6ncesinden ba\u015flayarak pazar sonras\u0131ndaki s\u00fcre\u00e7lerde de tam sorumluluk bilinciyle hareket etmektir. Bu \u00e7er\u00e7evede, \u00fcr\u00fcn ve hasta g\u00fcvenli\u011fi, \u00e7evre duyarl\u0131l\u0131\u011f\u0131 ve s\u00fcrd\u00fcr\u00fclebilirlik [&hellip;]<\/p>","protected":false},"author":1,"featured_media":0,"parent":0,"menu_order":0,"comment_status":"closed","ping_status":"closed","template":"","meta":{"footnotes":""},"class_list":["post-7980","page","type-page","status-publish","hentry"],"_links":{"self":[{"href":"https:\/\/ertuncozcan.com\/en\/wp-json\/wp\/v2\/pages\/7980","targetHints":{"allow":["GET"]}}],"collection":[{"href":"https:\/\/ertuncozcan.com\/en\/wp-json\/wp\/v2\/pages"}],"about":[{"href":"https:\/\/ertuncozcan.com\/en\/wp-json\/wp\/v2\/types\/page"}],"author":[{"embeddable":true,"href":"https:\/\/ertuncozcan.com\/en\/wp-json\/wp\/v2\/users\/1"}],"replies":[{"embeddable":true,"href":"https:\/\/ertuncozcan.com\/en\/wp-json\/wp\/v2\/comments?post=7980"}],"version-history":[{"count":19,"href":"https:\/\/ertuncozcan.com\/en\/wp-json\/wp\/v2\/pages\/7980\/revisions"}],"predecessor-version":[{"id":8030,"href":"https:\/\/ertuncozcan.com\/en\/wp-json\/wp\/v2\/pages\/7980\/revisions\/8030"}],"wp:attachment":[{"href":"https:\/\/ertuncozcan.com\/en\/wp-json\/wp\/v2\/media?parent=7980"}],"curies":[{"name":"wp","href":"https:\/\/api.w.org\/{rel}","templated":true}]}}