{"id":8000,"date":"2023-12-13T08:53:15","date_gmt":"2023-12-13T08:53:15","guid":{"rendered":"https:\/\/ertuncozcan.com\/?page_id=8000"},"modified":"2023-12-13T10:29:06","modified_gmt":"2023-12-13T10:29:06","slug":"cevre-politikamiz","status":"publish","type":"page","link":"https:\/\/ertuncozcan.com\/en\/cevre-politikamiz\/","title":{"rendered":"Our Environmental Policy"},"content":{"rendered":"<div data-elementor-type=\"wp-page\" data-elementor-id=\"8000\" class=\"elementor elementor-8000\">\n\t\t\t\t\t\t\r\n\t\t<section\t\t class=\"elementor-section elementor-top-section elementor-element elementor-element-7e88b2e elementor-section-full_width elementor-section-height-min-height elementor-section-stretched elementor-section-height-default elementor-section-items-middle\" data-id=\"7e88b2e\" data-element_type=\"section\" data-settings=\"{&quot;stretch_section&quot;:&quot;section-stretched&quot;,&quot;background_background&quot;:&quot;classic&quot;}\">\r\n\t\t\r\n\t\t\t\t\t\t\t<div class=\"elementor-background-overlay\"><\/div>\r\n\t\t\t\t\t\t\t\t\t\t\t<div class=\"elementor-container elementor-column-gap-no\" >\r\n\r\n\t\t\t\t\r\n\t\t\t\t\t\t\t\t\t\t\t\t\t\t<div\t\t class=\"elementor-column elementor-col-100 elementor-top-column elementor-element elementor-element-7ec2a68\" data-id=\"7ec2a68\" data-element_type=\"column\">\r\n\t\t\t\r\n\t\t\t\r\n\t\t\t\r\n\t\t\t<div class=\"elementor-widget-wrap elementor-element-populated\">\r\n\t\t\t\t\t\t\t\t<div class=\"elementor-element elementor-element-6a655f9 elementor-widget elementor-widget-heading\" data-id=\"6a655f9\" data-element_type=\"widget\" data-widget_type=\"heading.default\">\n\t\t\t\t<div class=\"elementor-widget-container\">\n\t\t\t\t\t<h1 class=\"elementor-heading-title elementor-size-default\">OUR ENVIRONMENTAL SUSTAINABILITY POLICY<\/h1>\t\t\t\t<\/div>\n\t\t\t\t<\/div>\n\t\t\t\t<div class=\"elementor-element elementor-element-523486a elementor-widget elementor-widget-spacer\" data-id=\"523486a\" data-element_type=\"widget\" data-widget_type=\"spacer.default\">\n\t\t\t\t<div class=\"elementor-widget-container\">\n\t\t\t\t\t\t\t<div class=\"elementor-spacer\">\n\t\t\t<div class=\"elementor-spacer-inner\"><\/div>\n\t\t<\/div>\n\t\t\t\t\t\t<\/div>\n\t\t\t\t<\/div>\n\t\t\r\n\t\t\r\n\t\t\t\t\t\t\t<\/div>\r\n\t\t\t\r\n\t\t<\/div>\r\n\t\t\t\t\t\t\t\t\t\t\t\t\t\t\t\t\t<\/div>\r\n\t\t\t\t\t\t<\/section>\r\n\t\t\t\t\r\n\t\t<section\t\t class=\"elementor-section elementor-top-section elementor-element elementor-element-6cf5b7c elementor-section-full_width elementor-section-height-default elementor-section-height-default\" data-id=\"6cf5b7c\" data-element_type=\"section\">\r\n\t\t\r\n\t\t\t\t\t\t\t<div class=\"elementor-background-overlay\"><\/div>\r\n\t\t\t\t\t\t\t\t\t\t\t<div class=\"elementor-container elementor-column-gap-default\" >\r\n\r\n\t\t\t\t\r\n\t\t\t\t\t\t\t\t\t\t\t\t\t\t<div\t\t class=\"elementor-column elementor-col-100 elementor-top-column elementor-element elementor-element-ebe3292\" data-id=\"ebe3292\" data-element_type=\"column\">\r\n\t\t\t\r\n\t\t\t\r\n\t\t\t\r\n\t\t\t<div class=\"elementor-widget-wrap elementor-element-populated\">\r\n\t\t\t\t\t\t\t\t<div class=\"elementor-element elementor-element-a67da81 elementor-widget elementor-widget-text-editor\" data-id=\"a67da81\" data-element_type=\"widget\" data-widget_type=\"text-editor.default\">\n\t\t\t\t<div class=\"elementor-widget-container\">\n\t\t\t\t\t\t\t\t\t<p><span style=\"color: #000000;\">Founded in 1968, our company has adopted the principle of being an example as an environmentally friendly company as well as being a pioneer in the field of medical devices with the experience and knowledge it has gained since its establishment. As Ertun\u00e7 \u00d6zcan, we have the responsibility to leave a more livable world to future generations by adopting environmental awareness and sustainability.<\/span><\/p><p><span style=\"color: #000000;\">For this purpose, in addition to the ISO 14001 Environmental Management System that we have established and operate in our company, we constantly monitor our carbon footprint, energy consumption and waste amounts and improve them in line with the targets we set.<\/span><\/p><p><span style=\"color: #000000;\">As Ertun\u00e7 \u00d6zcan, our environmental sustainability policy, which we have determined with our vision of achieving our goals reflecting our commitment to sustainability and environmental protection, is as follows:<\/span><\/p><ul><li><span style=\"color: #000000;\"><strong>Green Innovation:<\/strong> Continuous focus on innovation and R&amp;D activities to adapt to the changing world order and contribute to the development of environmentally friendly technologies,<\/span><\/li><li><span style=\"color: #000000;\"><strong>Training and Awareness:<\/strong> Organizing training programs to raise environmental awareness among our employees and actively participating in awareness-raising projects to spread environmentally friendly practices,<\/span><\/li><li><span style=\"color: #000000;\"><strong>Use of Sustainable Materials:<\/strong> Managing resources efficiently and effectively by using sustainable materials in our products and services and promoting the use of recyclable materials,<\/span><\/li><li><span style=\"color: #000000;\"><strong>Energy Efficiency:<\/strong> Reducing our carbon footprint by supporting investments in renewable energy resources to increase energy efficiency in our operations,<\/span><\/li><li><span style=\"color: #000000;\"><strong>Green Supply Chain Management:<\/strong> Managing a sustainable supply chain by encouraging all of our business partners in our supply chain to adopt environmentally responsible practices,<\/span><\/li><li><span style=\"color: #000000;\"><strong>Waste Management:<\/strong> Developing effective waste management strategies to minimize waste at the source, recycle and dispose of waste in an appropriate manner.<\/span><\/li><\/ul>\t\t\t\t\t\t\t\t<\/div>\n\t\t\t\t<\/div>\n\t\t\r\n\t\t\r\n\t\t\t\t\t\t\t<\/div>\r\n\t\t\t\r\n\t\t<\/div>\r\n\t\t\t\t\t\t\t\t\t\t\t\t\t\t\t\t\t<\/div>\r\n\t\t\t\t\t\t<\/section>\r\n\t\t\t\t<\/div>","protected":false},"excerpt":{"rendered":"<p>\u00c7EVRESEL S\u00dcRD\u00dcR\u00dcLEB\u0130L\u0130RL\u0130K POL\u0130T\u0130KAMIZ 1968 y\u0131l\u0131nda kurulan firmam\u0131z, kuruldu\u011fu g\u00fcnden bu yana edindi\u011fi deneyim ve birikimle, t\u0131bbi cihaz alan\u0131nda \u00f6nc\u00fc olman\u0131n yan\u0131 s\u0131ra \u00e7evre dostu bir firma olarak \u00f6rnek olmay\u0131 ilke edinmi\u015ftir. Ertun\u00e7 \u00d6zcan olarak, \u00e7evre duyarl\u0131l\u0131\u011f\u0131n\u0131 ve s\u00fcrd\u00fcr\u00fclebilirli\u011fi benimseyerek gelecek nesillere daha ya\u015fanabilir bir d\u00fcnya b\u0131rakma sorumlulu\u011funu ta\u015f\u0131yoruz. Bu ama\u00e7la\u00a0firmam\u0131zda kurdu\u011fumuz ve i\u015fletmekte oldu\u011fumuz, ISO [&hellip;]<\/p>","protected":false},"author":1,"featured_media":0,"parent":0,"menu_order":0,"comment_status":"closed","ping_status":"closed","template":"","meta":{"footnotes":""},"class_list":["post-8000","page","type-page","status-publish","hentry"],"_links":{"self":[{"href":"https:\/\/ertuncozcan.com\/en\/wp-json\/wp\/v2\/pages\/8000","targetHints":{"allow":["GET"]}}],"collection":[{"href":"https:\/\/ertuncozcan.com\/en\/wp-json\/wp\/v2\/pages"}],"about":[{"href":"https:\/\/ertuncozcan.com\/en\/wp-json\/wp\/v2\/types\/page"}],"author":[{"embeddable":true,"href":"https:\/\/ertuncozcan.com\/en\/wp-json\/wp\/v2\/users\/1"}],"replies":[{"embeddable":true,"href":"https:\/\/ertuncozcan.com\/en\/wp-json\/wp\/v2\/comments?post=8000"}],"version-history":[{"count":10,"href":"https:\/\/ertuncozcan.com\/en\/wp-json\/wp\/v2\/pages\/8000\/revisions"}],"predecessor-version":[{"id":8027,"href":"https:\/\/ertuncozcan.com\/en\/wp-json\/wp\/v2\/pages\/8000\/revisions\/8027"}],"wp:attachment":[{"href":"https:\/\/ertuncozcan.com\/en\/wp-json\/wp\/v2\/media?parent=8000"}],"curies":[{"name":"wp","href":"https:\/\/api.w.org\/{rel}","templated":true}]}}