{"id":8415,"date":"2025-02-27T07:25:34","date_gmt":"2025-02-27T07:25:34","guid":{"rendered":"https:\/\/ertuncozcan.com\/?page_id=8415"},"modified":"2025-02-27T07:34:25","modified_gmt":"2025-02-27T07:34:25","slug":"magic_loggia_ultimate_m_qr_tr","status":"publish","type":"page","link":"https:\/\/ertuncozcan.com\/en\/magic_loggia_ultimate_m_qr_tr\/","title":{"rendered":"Magic Loggia Ultimate M"},"content":{"rendered":"<div data-elementor-type=\"wp-page\" data-elementor-id=\"8415\" class=\"elementor elementor-8415\">\n\t\t\t\t\t\t\r\n\t\t<section\t\t class=\"elementor-section elementor-top-section elementor-element elementor-element-041ebc4 elementor-section-boxed elementor-section-height-default elementor-section-height-default\" data-id=\"041ebc4\" data-element_type=\"section\">\r\n\t\t\r\n\t\t\t\t\t\t\t\t\t\t<div class=\"elementor-container elementor-column-gap-default\" >\r\n\r\n\t\t\t\t\r\n\t\t\t\t\t\t\t\t\t\t\t\t\t\t<div\t\t class=\"elementor-column elementor-col-100 elementor-top-column elementor-element elementor-element-66c85e0\" data-id=\"66c85e0\" data-element_type=\"column\">\r\n\t\t\t\r\n\t\t\t\r\n\t\t\t\r\n\t\t\t<div class=\"elementor-widget-wrap elementor-element-populated\">\r\n\t\t\t\t\t\t\t\t<div class=\"elementor-element elementor-element-d8116ca elementor-widget elementor-widget-image\" data-id=\"d8116ca\" data-element_type=\"widget\" data-widget_type=\"image.default\">\n\t\t\t\t<div class=\"elementor-widget-container\">\n\t\t\t\t\t\t\t\t\t\t\t\t\t\t\t<img fetchpriority=\"high\" decoding=\"async\" width=\"768\" height=\"920\" src=\"https:\/\/ertuncozcan.com\/wp-content\/uploads\/2025\/01\/DSC08444-768x920.jpg\" class=\"attachment-medium_large size-medium_large wp-image-8393\" alt=\"\" srcset=\"https:\/\/ertuncozcan.com\/wp-content\/uploads\/2025\/01\/DSC08444-768x920.jpg 768w, https:\/\/ertuncozcan.com\/wp-content\/uploads\/2025\/01\/DSC08444-251x300.jpg 251w, https:\/\/ertuncozcan.com\/wp-content\/uploads\/2025\/01\/DSC08444-855x1024.jpg 855w, https:\/\/ertuncozcan.com\/wp-content\/uploads\/2025\/01\/DSC08444-1283x1536.jpg 1283w, https:\/\/ertuncozcan.com\/wp-content\/uploads\/2025\/01\/DSC08444-1710x2048.jpg 1710w, https:\/\/ertuncozcan.com\/wp-content\/uploads\/2025\/01\/DSC08444-10x12.jpg 10w, https:\/\/ertuncozcan.com\/wp-content\/uploads\/2025\/01\/DSC08444-150x180.jpg 150w, https:\/\/ertuncozcan.com\/wp-content\/uploads\/2025\/01\/DSC08444-600x718.jpg 600w\" sizes=\"(max-width: 768px) 100vw, 768px\" \/>\t\t\t\t\t\t\t\t\t\t\t\t\t\t\t<\/div>\n\t\t\t\t<\/div>\n\t\t\r\n\t\t\r\n\t\t\t\t\t\t\t<\/div>\r\n\t\t\t\r\n\t\t<\/div>\r\n\t\t\t\t\t\t\t\t\t\t\t\t\t\t\t\t\t<\/div>\r\n\t\t\t\t\t\t<\/section>\r\n\t\t\t\t\r\n\t\t<section\t\t class=\"elementor-section elementor-top-section elementor-element elementor-element-272602a elementor-section-content-middle pb-10 elementor-section-boxed elementor-section-height-default elementor-section-height-default\" data-id=\"272602a\" data-element_type=\"section\">\r\n\t\t\r\n\t\t\t\t\t\t\t\t\t\t<div class=\"elementor-container elementor-column-gap-default\" >\r\n\r\n\t\t\t\t\r\n\t\t\t\t\t\t\t\t\t\t\t\t\t\t<div\t\t class=\"elementor-column elementor-col-50 elementor-top-column elementor-element elementor-element-7c7470f counter-section\" data-id=\"7c7470f\" data-element_type=\"column\">\r\n\t\t\t\r\n\t\t\t\r\n\t\t\t\r\n\t\t\t<div class=\"elementor-widget-wrap elementor-element-populated\">\r\n\t\t\t\t\t\t\t\t<div class=\"elementor-element elementor-element-c76a905 elementor-widget elementor-widget-heading\" data-id=\"c76a905\" data-element_type=\"widget\" data-widget_type=\"heading.default\">\n\t\t\t\t<div class=\"elementor-widget-container\">\n\t\t\t\t\t<h2 class=\"elementor-heading-title elementor-size-default\">Magic Loggia Ultimate M<\/h2>\t\t\t\t<\/div>\n\t\t\t\t<\/div>\n\t\t\t\t<div class=\"elementor-element elementor-element-ac63901 elementor-widget elementor-widget-heading\" data-id=\"ac63901\" data-element_type=\"widget\" data-widget_type=\"heading.default\">\n\t\t\t\t<div class=\"elementor-widget-container\">\n\t\t\t\t\t<h5 class=\"elementor-heading-title elementor-size-default\"><p class=\"MsoNormal\"><b>Features<\/b><\/p><ul style=\"margin-top: 0cm\" type=\"disc\"><li class=\"MsoNormal\">10.1\u201d Touch TFT LCD display<\/li><li class=\"MsoNormal\">80 cm x 40 cm&nbsp; Silinebilir ve Su Ge\u00e7irmez Bebek Yata\u011f\u0131<\/li><li class=\"MsoNormal\">Multi-use skin temperature probe<\/li><li class=\"MsoNormal\">Antibacterial air microfilter<\/li><li class=\"MsoNormal\">X-Ray cassette tray<\/li><li class=\"MsoNormal\">Air curtain activated when the cabin door is opened<\/li><li class=\"MsoNormal\">Sterilizable\/autoclavable humidification chamber<\/li><li class=\"MsoNormal\">Self-closing inlets for accessory use in the cabin<\/li><\/ul><\/h5>\t\t\t\t<\/div>\n\t\t\t\t<\/div>\n\t\t\r\n\t\t\r\n\t\t\t\t\t\t\t<\/div>\r\n\t\t\t\r\n\t\t<\/div>\r\n\t\t\t\t<div\t\t class=\"elementor-column elementor-col-50 elementor-top-column elementor-element elementor-element-25af00b\" data-id=\"25af00b\" data-element_type=\"column\" data-settings=\"{&quot;background_background&quot;:&quot;classic&quot;}\">\r\n\t\t\t\r\n\t\t\t\r\n\t\t\t\r\n\t\t\t<div class=\"elementor-widget-wrap elementor-element-populated\">\r\n\t\t\t\t\t\t\t\t<div class=\"elementor-element elementor-element-df24fc6 elementor-widget__width-initial elementor-widget elementor-widget-text-editor\" data-id=\"df24fc6\" data-element_type=\"widget\" data-widget_type=\"text-editor.default\">\n\t\t\t\t<div class=\"elementor-widget-container\">\n\t\t\t\t\t\t\t\t\t<ul style=\"margin-top: 0cm;\" type=\"disc\"><li class=\"MsoNormal\">OPTIONAL FEATURES AND ACCESSORIES:<\/li><li class=\"MsoNormal\">Digital scales<\/li><li class=\"MsoNormal\">Height adjustment<\/li><li class=\"MsoNormal\">Aspiration unit<\/li><li class=\"MsoNormal\">Flowmeter unit<\/li><li class=\"MsoNormal\">Monitor shelf<\/li><li class=\"MsoNormal\">Serum holder Disposable skin temperature probe<\/li><li class=\"MsoNormal\">Skin temperature probe detection scale<\/li><li class=\"MsoNormal\">Servo controlled oxygen system<\/li><li class=\"MsoNormal\">360\u00ba rotatable drawer (1\/2\/4 drawer options optional) (right and\/or left side)<\/li><li class=\"MsoNormal\">180\u00ba downward opening front and back cover<\/li><li class=\"MsoNormal\">Movable heating element<\/li><li class=\"MsoNormal\">Condensation system that transfers the water vapor formed inside the device under high temperature and humidity to a jar outside the system Special kangaroo mode that can be heated with the parent's body heat instead of an incubator Automatic Humidity Mode<\/li><li class=\"MsoNormal\">Comfort Zone Feature<\/li><li class=\"MsoNormal\">Sound and light alarm in case incubator lids are left open<\/li><\/ul>\t\t\t\t\t\t\t\t<\/div>\n\t\t\t\t<\/div>\n\t\t\r\n\t\t\r\n\t\t\t\t\t\t\t<\/div>\r\n\t\t\t\r\n\t\t<\/div>\r\n\t\t\t\t\t\t\t\t\t\t\t\t\t\t\t\t\t<\/div>\r\n\t\t\t\t\t\t<\/section>\r\n\t\t\t\t\r\n\t\t<section\t\t class=\"elementor-section elementor-top-section elementor-element elementor-element-bfd6bc4 elementor-section-boxed elementor-section-height-default elementor-section-height-default\" data-id=\"bfd6bc4\" data-element_type=\"section\">\r\n\t\t\r\n\t\t\t\t\t\t\t\t\t\t<div class=\"elementor-container elementor-column-gap-default\" >\r\n\r\n\t\t\t\t\r\n\t\t\t\t\t\t\t\t\t\t\t\t\t\t<div\t\t class=\"elementor-column elementor-col-100 elementor-top-column elementor-element elementor-element-ae9a683\" data-id=\"ae9a683\" data-element_type=\"column\">\r\n\t\t\t\r\n\t\t\t\r\n\t\t\t\r\n\t\t\t<div class=\"elementor-widget-wrap\">\r\n\t\t\t\t\t\t\r\n\t\t\r\n\t\t\t\t\t\t\t<\/div>\r\n\t\t\t\r\n\t\t<\/div>\r\n\t\t\t\t\t\t\t\t\t\t\t\t\t\t\t\t\t<\/div>\r\n\t\t\t\t\t\t<\/section>\r\n\t\t\t\t\r\n\t\t<section\t\t class=\"elementor-section elementor-top-section elementor-element elementor-element-adbdd05 elementor-section-boxed elementor-section-height-default elementor-section-height-default\" data-id=\"adbdd05\" data-element_type=\"section\">\r\n\t\t\r\n\t\t\t\t\t\t\t\t\t\t<div class=\"elementor-container elementor-column-gap-default\" >\r\n\r\n\t\t\t\t\r\n\t\t\t\t\t\t\t\t\t\t\t\t\t\t<div\t\t class=\"elementor-column elementor-col-50 elementor-top-column elementor-element elementor-element-469c22d\" data-id=\"469c22d\" data-element_type=\"column\">\r\n\t\t\t\r\n\t\t\t\r\n\t\t\t\r\n\t\t\t<div class=\"elementor-widget-wrap elementor-element-populated\">\r\n\t\t\t\t\t\t\t\t<div class=\"elementor-element elementor-element-bef857e elementor-widget elementor-widget-heading\" data-id=\"bef857e\" data-element_type=\"widget\" data-widget_type=\"heading.default\">\n\t\t\t\t<div class=\"elementor-widget-container\">\n\t\t\t\t\t<h4 class=\"elementor-heading-title elementor-size-default\">Magic Loggia Kullan\u0131m - Bak\u0131m ve Servis K\u0131lavuzu<\/h4>\t\t\t\t<\/div>\n\t\t\t\t<\/div>\n\t\t\r\n\t\t\r\n\t\t\t\t\t\t\t<\/div>\r\n\t\t\t\r\n\t\t<\/div>\r\n\t\t\t\t<div\t\t class=\"elementor-column elementor-col-50 elementor-top-column elementor-element elementor-element-cc86c90\" data-id=\"cc86c90\" data-element_type=\"column\">\r\n\t\t\t\r\n\t\t\t\r\n\t\t\t\r\n\t\t\t<div class=\"elementor-widget-wrap elementor-element-populated\">\r\n\t\t\t\t\t\t\t\t<div class=\"elementor-element elementor-element-699018a elementor-widget elementor-widget-riode_widget_button\" data-id=\"699018a\" data-element_type=\"widget\" data-widget_type=\"riode_widget_button.default\">\n\t\t\t\t<div class=\"elementor-widget-container\">\n\t\t\t\t\t<a class=\"btn btn-primary\" href=\"https:\/\/ertuncozcan.com\/wp-content\/uploads\/2025\/02\/ML-Ultimate-M-Kullanma-Kilavuzu-Rev-21.pdf\" >DOWNLOAD<\/a>\t\t\t\t<\/div>\n\t\t\t\t<\/div>\n\t\t\r\n\t\t\r\n\t\t\t\t\t\t\t<\/div>\r\n\t\t\t\r\n\t\t<\/div>\r\n\t\t\t\t\t\t\t\t\t\t\t\t\t\t\t\t\t<\/div>\r\n\t\t\t\t\t\t<\/section>\r\n\t\t\t\t<\/div>","protected":false},"excerpt":{"rendered":"<p>Magic Loggia Ultimate M \u00d6zellikler 10.1\u201d Dokunmatik TFT LCD ekran 80 cm x 40 cm&nbsp; Silinebilir ve Su Ge\u00e7irmez Bebek Yata\u011f\u0131 \u00c7ok kullan\u0131ml\u0131k cilt s\u0131cakl\u0131k probu Antibakteriyel hava mikro filtresi X-Ray kaset tepsisi Kabin kapa\u011f\u0131 a\u00e7\u0131ld\u0131\u011f\u0131nda devreye giren hava perdesi Steril edilebilir\/otoklavlanabilir nemlendirme haznesi Kabinde aksesuar kullan\u0131m\u0131 i\u00e7in kendili\u011finden kapanabilen giri\u015fler OPS\u0130YONEL \u00d6ZELL\u0130KLER VE AKSESUARLAR: [&hellip;]<\/p>","protected":false},"author":1,"featured_media":0,"parent":0,"menu_order":0,"comment_status":"closed","ping_status":"closed","template":"","meta":{"footnotes":""},"class_list":["post-8415","page","type-page","status-publish","hentry"],"_links":{"self":[{"href":"https:\/\/ertuncozcan.com\/en\/wp-json\/wp\/v2\/pages\/8415","targetHints":{"allow":["GET"]}}],"collection":[{"href":"https:\/\/ertuncozcan.com\/en\/wp-json\/wp\/v2\/pages"}],"about":[{"href":"https:\/\/ertuncozcan.com\/en\/wp-json\/wp\/v2\/types\/page"}],"author":[{"embeddable":true,"href":"https:\/\/ertuncozcan.com\/en\/wp-json\/wp\/v2\/users\/1"}],"replies":[{"embeddable":true,"href":"https:\/\/ertuncozcan.com\/en\/wp-json\/wp\/v2\/comments?post=8415"}],"version-history":[{"count":7,"href":"https:\/\/ertuncozcan.com\/en\/wp-json\/wp\/v2\/pages\/8415\/revisions"}],"predecessor-version":[{"id":8423,"href":"https:\/\/ertuncozcan.com\/en\/wp-json\/wp\/v2\/pages\/8415\/revisions\/8423"}],"wp:attachment":[{"href":"https:\/\/ertuncozcan.com\/en\/wp-json\/wp\/v2\/media?parent=8415"}],"curies":[{"name":"wp","href":"https:\/\/api.w.org\/{rel}","templated":true}]}}