{"id":6802,"date":"2021-01-16T10:55:30","date_gmt":"2021-01-16T10:55:30","guid":{"rendered":"https:\/\/ertuncozcan.com\/?post_type=product&#038;p=6802"},"modified":"2026-04-16T17:19:41","modified_gmt":"2026-04-16T17:19:41","slug":"bellavista-1000mr","status":"publish","type":"product","link":"https:\/\/ertuncozcan.com\/en\/product\/bellavista-1000mr\/","title":{"rendered":"ZOLL Bellavista 1000 MR"},"content":{"rendered":"<div class=\"row mt-6\">\n<div class=\"col-md-6\">\n<h5 class=\"mb-4\" style=\"font-size: 20px;letter-spacing: -.025em\" data-mce-style=\"font-size: 20px; letter-spacing: -.025em;\">Features<\/h5>\n<ul class=\"list-type-none list-type-check mt-0 mb-8\">\n<li>Safe for MRI up to 60mT under certain conditions<\/li>\n<li>Specially designed for the Bellavista 1000 MR, the carrying unit has an integrated brake function and a O2 cylinder holder, making it easier, safer and user friendly to work in an MRI environment<\/li>\n<li>High Performance Turbine System<\/li>\n<li>6 intervention windows that can be easily opened with elbow contact, X-Ray cassette tray, balance system between 1g and 10kg, sterilizable moisture module<\/li>\n<li>13.3-inch Color Touch TFT Screen<\/li>\n<li>Animayon Lung and Ventilation Summary Feature That Reduces the Workload of Clinicians<\/li>\n<li>\u00a0High Flow oxygen Therapy Capability<\/li>\n<li>240 Minutes Internal Battery Time<\/li>\n<\/ul>\n<\/div>\n<\/div>","protected":false},"excerpt":{"rendered":"<p>ZOLL Bellavista MR-Guard mod\u00fcl\u00fc : 360\u00b0 MR-Guard manyetik alan g\u00fcc\u00fc g\u00f6stergesine ve sesli alarma sahip h\u0131zl\u0131 ba\u011flant\u0131 mod\u00fcl\u00fc, bellavista 1000mr&#8217; nin optimum \u00e7al\u0131\u015fma aral\u0131\u011f\u0131n\u0131 g\u00f6sterir ve ventilat\u00f6r, MRI&#8217;dan gerekli mesafeyi koruyamad\u0131\u011f\u0131nda sizi uyar\u0131r.<\/p>","protected":false},"featured_media":6803,"comment_status":"open","ping_status":"closed","template":"","meta":[],"product_brand":[],"product_cat":[79],"product_tag":[90],"class_list":{"0":"post-6802","1":"product","2":"type-product","3":"status-publish","4":"has-post-thumbnail","6":"product_cat-yenidogan-yogun-bakim-urunleri","7":"product_tag-ventilatorler","9":"first","10":"onbackorder","11":"featured","12":"shipping-taxable","13":"product-type-simple"},"_links":{"self":[{"href":"https:\/\/ertuncozcan.com\/en\/wp-json\/wp\/v2\/product\/6802","targetHints":{"allow":["GET"]}}],"collection":[{"href":"https:\/\/ertuncozcan.com\/en\/wp-json\/wp\/v2\/product"}],"about":[{"href":"https:\/\/ertuncozcan.com\/en\/wp-json\/wp\/v2\/types\/product"}],"replies":[{"embeddable":true,"href":"https:\/\/ertuncozcan.com\/en\/wp-json\/wp\/v2\/comments?post=6802"}],"wp:featuredmedia":[{"embeddable":true,"href":"https:\/\/ertuncozcan.com\/en\/wp-json\/wp\/v2\/media\/6803"}],"wp:attachment":[{"href":"https:\/\/ertuncozcan.com\/en\/wp-json\/wp\/v2\/media?parent=6802"}],"wp:term":[{"taxonomy":"product_brand","embeddable":true,"href":"https:\/\/ertuncozcan.com\/en\/wp-json\/wp\/v2\/product_brand?post=6802"},{"taxonomy":"product_cat","embeddable":true,"href":"https:\/\/ertuncozcan.com\/en\/wp-json\/wp\/v2\/product_cat?post=6802"},{"taxonomy":"product_tag","embeddable":true,"href":"https:\/\/ertuncozcan.com\/en\/wp-json\/wp\/v2\/product_tag?post=6802"}],"curies":[{"name":"wp","href":"https:\/\/api.w.org\/{rel}","templated":true}]}}