{"id":8386,"date":"2025-01-21T09:51:28","date_gmt":"2025-01-21T09:51:28","guid":{"rendered":"https:\/\/ertuncozcan.com\/magic-loggia-ultimate-m\/"},"modified":"2025-02-27T07:35:38","modified_gmt":"2025-02-27T07:35:38","slug":"magic-loggia-ultimate-m","status":"publish","type":"product","link":"https:\/\/ertuncozcan.com\/en\/product\/magic-loggia-ultimate-m\/","title":{"rendered":"Magic Loggia Ultimate M"},"content":{"rendered":"<p class=\"MsoNormal\"><b>Features<\/b><\/p>\n<ul style=\"margin-top: 0cm;\" type=\"disc\">\n<li class=\"MsoNormal\">10.1\u201d Touch TFT LCD display<\/li>\n<li class=\"MsoNormal\">80 cm x 40 cm\u00a0 Silinebilir ve Su Ge\u00e7irmez Bebek Yata\u011f\u0131<\/li>\n<li class=\"MsoNormal\">Multi-use skin temperature probe<\/li>\n<li class=\"MsoNormal\">Antibacterial air microfilter<\/li>\n<li class=\"MsoNormal\">X-Ray cassette tray<\/li>\n<li class=\"MsoNormal\">Air curtain activated when the cabin door is opened<\/li>\n<li class=\"MsoNormal\">Sterilizable\/autoclavable humidification chamber<\/li>\n<li class=\"MsoNormal\">Self-closing inlets for accessory use in the cabin<\/li>\n<\/ul>\n<p>&nbsp;<\/p>\n<ul style=\"margin-top: 0cm;\" type=\"disc\">\n<li class=\"MsoNormal\">OPTIONAL FEATURES AND ACCESSORIES:<\/li>\n<li class=\"MsoNormal\">Digital scales<\/li>\n<li class=\"MsoNormal\">Height adjustment<\/li>\n<li class=\"MsoNormal\">Aspiration unit<\/li>\n<li class=\"MsoNormal\">Flowmeter unit<\/li>\n<li class=\"MsoNormal\">Monitor shelf<\/li>\n<li class=\"MsoNormal\">Serum holder Disposable skin temperature probe<\/li>\n<li class=\"MsoNormal\">Skin temperature probe detection scale<\/li>\n<li class=\"MsoNormal\">Servo controlled oxygen system<\/li>\n<li class=\"MsoNormal\">360\u00ba rotatable drawer (1\/2\/4 drawer options optional) (right and\/or left side)<\/li>\n<li class=\"MsoNormal\">180\u00ba downward opening front and back cover<\/li>\n<li class=\"MsoNormal\">Movable heating element<\/li>\n<li class=\"MsoNormal\">Condensation system that transfers the water vapor formed inside the device under high temperature and humidity to a jar outside the system Special kangaroo mode that can be heated with the parent's body heat instead of an incubator Automatic Humidity Mode<\/li>\n<li class=\"MsoNormal\">Comfort Zone Feature<\/li>\n<li class=\"MsoNormal\">Sound and light alarm in case incubator lids are left open<\/li>\n<\/ul>","protected":false},"excerpt":{"rendered":"<ul style=\"margin-top: 0cm;\" type=\"disc\">\n<li class=\"MsoNormal\">The air circulation system ensures stable temperature control, uniform temperature distribution, humidification, effective isolation of the baby from airborne contaminants and control of oxygen concentrations.<\/li>\n<li class=\"MsoNormal\">Access to the infant is provided by the entrance panels. When the entrance panel is open, warm air passes under the front edge of the cushion to the top of the entrance panel exit, minimizing the temperature drop in the canopy environment.<\/li>\n<li class=\"MsoNormal\">The incubator is designed to be used under normal conditions at an ambient operating temperature of 20\u02da to 30\u02daC.<\/li>\n<li class=\"MsoNormal\">In Magic Loggia Ultimate M Model Baby Incubators, skin or air temperature control is selected by the control module.<\/li>\n<\/ul>","protected":false},"featured_media":8393,"comment_status":"open","ping_status":"closed","template":"","meta":[],"product_brand":[],"product_cat":[79],"product_tag":[86],"class_list":{"0":"post-8386","1":"product","2":"type-product","3":"status-publish","4":"has-post-thumbnail","6":"product_cat-yenidogan-yogun-bakim-urunleri","7":"product_tag-kuvoz","9":"first","10":"instock","11":"shipping-taxable","12":"product-type-simple"},"_links":{"self":[{"href":"https:\/\/ertuncozcan.com\/en\/wp-json\/wp\/v2\/product\/8386","targetHints":{"allow":["GET"]}}],"collection":[{"href":"https:\/\/ertuncozcan.com\/en\/wp-json\/wp\/v2\/product"}],"about":[{"href":"https:\/\/ertuncozcan.com\/en\/wp-json\/wp\/v2\/types\/product"}],"replies":[{"embeddable":true,"href":"https:\/\/ertuncozcan.com\/en\/wp-json\/wp\/v2\/comments?post=8386"}],"wp:featuredmedia":[{"embeddable":true,"href":"https:\/\/ertuncozcan.com\/en\/wp-json\/wp\/v2\/media\/8393"}],"wp:attachment":[{"href":"https:\/\/ertuncozcan.com\/en\/wp-json\/wp\/v2\/media?parent=8386"}],"wp:term":[{"taxonomy":"product_brand","embeddable":true,"href":"https:\/\/ertuncozcan.com\/en\/wp-json\/wp\/v2\/product_brand?post=8386"},{"taxonomy":"product_cat","embeddable":true,"href":"https:\/\/ertuncozcan.com\/en\/wp-json\/wp\/v2\/product_cat?post=8386"},{"taxonomy":"product_tag","embeddable":true,"href":"https:\/\/ertuncozcan.com\/en\/wp-json\/wp\/v2\/product_tag?post=8386"}],"curies":[{"name":"wp","href":"https:\/\/api.w.org\/{rel}","templated":true}]}}